{"id":10,"date":"2017-09-14T10:43:22","date_gmt":"2017-09-14T10:43:22","guid":{"rendered":"http:\/\/gubineczakos.hu\/?page_id=10"},"modified":"2025-04-05T20:45:34","modified_gmt":"2025-04-05T19:45:34","slug":"contact","status":"publish","type":"page","link":"https:\/\/gubineczakos.hu\/en\/contact\/","title":{"rendered":"Contact"},"content":{"rendered":"<div id=\"modal-ready\">\n<div class=\"wp-block-cover alignfull has-parallax is-light\"><span aria-hidden=\"true\" class=\"wp-block-cover__background has-background-dim-80 has-background-dim wp-block-cover__gradient-background has-background-gradient\" style=\"background:linear-gradient(90deg,rgb(0,0,0) 0%,rgba(78,78,78,0.73) 100%)\"><\/span><div class=\"wp-block-cover__image-background wp-image-6366 has-parallax\" style=\"background-position:50% 50%;background-image:url(http:\/\/gubineczakos.hu\/wp-content\/uploads\/2021\/03\/1_Bk8GPsR8sgxtDjMHS8bshg.jpeg)\"><\/div><div class=\"wp-block-cover__inner-container is-layout-flow wp-block-cover-is-layout-flow\">\n<h1 class=\"wp-block-heading has-text-align-center has-white-color has-text-color has-link-color wp-elements-3a91cbc48f258668b5349f75512e8b04\">Contact<\/h1>\n\n\n\n<hr class=\"wp-block-separator has-css-opacity alignwide is-style-wide\"\/>\n\n\n\n<div class=\"wp-block-columns alignwide is-layout-flex wp-container-core-columns-is-layout-9d6595d7 wp-block-columns-is-layout-flex\">\n<div class=\"wp-block-column is-vertically-aligned-center is-layout-flow wp-block-column-is-layout-flow\">\n<h3 class=\"wp-block-heading has-white-color has-text-color has-link-color wp-elements-c8566ffb59ea2ec03e6b83842c22c276\">\u00cdrj nekem!<\/h3>\n\n\n\n<h6 class=\"wp-block-heading has-white-color has-text-color has-link-color wp-elements-f6e578b1c3e5cfe92cf655dabb643b83\">\n  Telefon: <a href=\"tel:+36305533398\">+36 30 553 3398<\/a>\n<\/h6>\n\n\n\n<h4 class=\"wp-block-heading has-white-color has-text-color has-link-color wp-elements-957edb96be81a74b95740b4ce3e9ed26\">E-mail: gubineczakos@gmail.com<\/h4>\n\n\n\n<h6 class=\"wp-block-heading has-white-color has-text-color has-link-color wp-elements-1774a63b4898c7e124fd0fbb4251e6c3\">\n  Sajt\u00f3f\u0151n\u00f6k: Krist\u00f3f Hajnalka &#8211; <a href=\"tel:+36302189268\">+36 30 218 9268<\/a>\n<\/h6>\n<\/div>\n\n\n\n<div class=\"wp-block-column is-vertically-aligned-center has-white-color has-text-color has-link-color wp-elements-3614b3c96a445c7c48b28dbb741147d3 is-layout-flow wp-block-column-is-layout-flow\"><\/div>\n<\/div>\n<\/div><\/div>\n<\/div>","protected":false},"excerpt":{"rendered":"","protected":false},"author":2,"featured_media":0,"parent":0,"menu_order":0,"comment_status":"closed","ping_status":"closed","template":"","meta":{"inline_featured_image":false,"_uag_custom_page_level_css":"","_uf_show_specific_survey":0,"_uf_disable_surveys":false,"footnotes":""},"class_list":["post-10","page","type-page","status-publish","hentry"],"uagb_featured_image_src":{"full":false,"thumbnail":false,"medium":false,"medium_large":false,"large":false,"1536x1536":false,"2048x2048":false,"trp-custom-language-flag":false,"ect-jetpack-portfolio-featured":false,"ect-featured-content":false,"ect-service":false,"ultp_layout_landscape_large":false,"ultp_layout_landscape":false,"ultp_layout_portrait":false,"ultp_layout_square":false,"post-thumbnail":false,"euphony-archive":false,"euphony-archive-landscape":false,"euphony-archive-portrait":false,"euphony-slider":false,"euphony-testimonial":false,"euphony-stats":false,"euphony-team":false,"euphony-service":false,"euphony-logo-slider":false,"bdpp-medium":false,"jetpack-portfolio-admin-thumb":false,"featured-content-admin-thumb":false,"service-admin-thumb":false,"woocommerce_thumbnail":false,"woocommerce_single":false,"woocommerce_gallery_thumbnail":false,"awb_sm":false,"awb_md":false,"awb_lg":false,"awb_xl":false},"uagb_author_info":{"display_name":"Matis \u00c1d\u00e1m","author_link":"https:\/\/gubineczakos.hu\/en\/author\/adamita\/"},"uagb_comment_info":0,"uagb_excerpt":null,"jetpack_shortlink":"https:\/\/wp.me\/PcNYq5-a","jetpack-related-posts":[{"id":3,"url":"https:\/\/gubineczakos.hu\/en\/adatkezeles\/","url_meta":{"origin":10,"position":0},"title":"Adatkezel\u00e9si t\u00e1j\u00e9koztat\u00f3","author":"Gubinecz \u00c1kos","date":"2020. December 27.","format":false,"excerpt":"Az adatkezel\u00e9si t\u00e1j\u00e9koztat\u00f3 c\u00e9lja Gubinecz\u00a0\u00c1kos\u00a0egy\u00e9ni v\u00e1llalkoz\u00f3\u00a0\u00a0(c\u00edm, a tov\u00e1bbiakban, szolg\u00e1ltat\u00f3, adatkezel\u0151) mint adatkezel\u0151, mag\u00e1ra n\u00e9zve k\u00f6telez\u0151nek ismeri el jelen jogi k\u00f6zlem\u00e9ny tartalm\u00e1t. K\u00f6telezetts\u00e9get v\u00e1llal arra, hogy tev\u00e9kenys\u00e9g\u00e9vel kapcsolatos minden adatkezel\u00e9s megfelel a jelen szab\u00e1lyzatban \u00e9s a hat\u00e1lyos nemzeti jogszab\u00e1lyokban, valamint az Eur\u00f3pai Uni\u00f3 jogi aktusaiban meghat\u00e1rozott elv\u00e1r\u00e1soknak. Az Adatkezel\u0151 adatkezel\u00e9seivel kapcsolatosan\u2026","rel":"","context":"Similar post","block_context":{"text":"Similar post","link":""},"img":{"alt_text":"","src":"","width":0,"height":0},"classes":[]}],"jetpack_sharing_enabled":true,"_links":{"self":[{"href":"https:\/\/gubineczakos.hu\/en\/wp-json\/wp\/v2\/pages\/10","targetHints":{"allow":["GET"]}}],"collection":[{"href":"https:\/\/gubineczakos.hu\/en\/wp-json\/wp\/v2\/pages"}],"about":[{"href":"https:\/\/gubineczakos.hu\/en\/wp-json\/wp\/v2\/types\/page"}],"author":[{"embeddable":true,"href":"https:\/\/gubineczakos.hu\/en\/wp-json\/wp\/v2\/users\/2"}],"replies":[{"embeddable":true,"href":"https:\/\/gubineczakos.hu\/en\/wp-json\/wp\/v2\/comments?post=10"}],"version-history":[{"count":8,"href":"https:\/\/gubineczakos.hu\/en\/wp-json\/wp\/v2\/pages\/10\/revisions"}],"predecessor-version":[{"id":8492,"href":"https:\/\/gubineczakos.hu\/en\/wp-json\/wp\/v2\/pages\/10\/revisions\/8492"}],"wp:attachment":[{"href":"https:\/\/gubineczakos.hu\/en\/wp-json\/wp\/v2\/media?parent=10"}],"curies":[{"name":"wp","href":"https:\/\/api.w.org\/{rel}","templated":true}]}}