{"id":1153,"date":"2021-01-31T17:46:23","date_gmt":"2021-01-31T17:46:23","guid":{"rendered":"http:\/\/gubineczakos.hu\/?page_id=1153"},"modified":"2024-12-15T17:54:39","modified_gmt":"2024-12-15T16:54:39","slug":"blog","status":"publish","type":"page","link":"https:\/\/gubineczakos.hu\/en\/blog\/","title":{"rendered":"Blog"},"content":{"rendered":"<div id=\"modal-ready\"><div  class=\"ultp-post-grid-block wp-block-ultimate-post-post-list-3 ultp-block-9574ec\"><div class=\"ultp-block-wrapper\"><div class=\"ultp-loading\"><div class=\"ultp-loading-blocks\" style=\"width:100%;height:100%;\"><div style=\"left: 0;top: 0;animation-delay:0s;\"><\/div><div style=\"left: 21px;top: 0;animation-delay:0.125s;\"><\/div><div style=\"left: 42px;top: 0;animation-delay:0.25s;\"><\/div><div style=\"left: 0;top: 21px;animation-delay:0.875s;\"><\/div><div style=\"left: 42px;top: 21px;animation-delay:0.375s;\"><\/div><div style=\"left: 0;top: 42px;animation-delay:0.75s;\"><\/div><div style=\"left: 42px;top: 42px;animation-delay:0.625s;\"><\/div><div style=\"left: 21px;top: 42px;animation-delay:0.5s;\"><\/div><\/div><\/div><div class=\"ultp-heading-filter\"><div class=\"ultp-heading-filter-in\"><div class=\"ultp-heading-wrap ultp-heading-style1 ultp-heading-center\"><h2 class=\"ultp-heading-inner\"><span>Post List #3<\/span><\/h2><\/div><div class=\"ultp-filter-navigation\"><\/div><\/div><\/div><div class=\"ultp-block-items-wrap ultp-block-row ultp-block-column-1 ultp-block-content-middle ultp-layout1\"><div class=\"ultp-block-item ultp-block-media post-id-8679\"><div class=\"ultp-block-content-wrap\"><div class=\"ultp-block-image ultp-block-image-opacity\"><a href=\"https:\/\/gubineczakos.hu\/en\/zoldben-zeng-a-dal-2025-julius-6\/\" ><img decoding=\"async\"  alt=\"Z\u00f6ldben zeng a dal\"  src=\"https:\/\/gubineczakos.hu\/wp-content\/uploads\/2025\/07\/Forest-Education-Presentation-In-Green-Beige-Nature-Watercolor-Style-600x600.png\" \/><\/a><div class=\"ultp-category-img-grid\"><div class=\"ultp-category-grid ultp-category-classic ultp-category-topLeft\"><div class=\"ultp-category-in\"><a class=\"ultp-cat-blog\" href=\"https:\/\/gubineczakos.hu\/en\/category\/blog\/\"  >Blog<\/a><a class=\"ultp-cat-uncategorized\" href=\"https:\/\/gubineczakos.hu\/en\/category\/uncategorized\/\"  >Uncategorized<\/a><\/div><\/div><\/div><\/div><div class=\"ultp-block-content\"><h1 class=\"ultp-block-title\"><a href=\"https:\/\/gubineczakos.hu\/en\/zoldben-zeng-a-dal-2025-julius-6\/\" >Z\u00f6ldben zeng a dal<\/a><\/h1><div class=\"ultp-block-excerpt\"><p>Sz\u00e9les a Cserta Sz\u00e9les a Cserta, magas a partja,Nincs olyan leg\u00e9ny, aki \u00e1t\u00fassza.Sanyi \u00e1ti\u00fassza, meg vissza is \u00fassza,Ez \u00e1m a leg\u00e9ny. Leteszi sz\u0171r\u00e9t a lova mell\u00e9,Lehajtja fej\u00e9t a Rozi mell\u00e9.RoziZ\u00f6ldben zeng a dal<\/p>\n<\/div><div class=\"ultp-block-readmore\"><a aria-label=\"Z\u00f6ldben zeng a dal\" href=\"https:\/\/gubineczakos.hu\/en\/zoldben-zeng-a-dal-2025-julius-6\/\" >Tov\u00e1bb olvasom<svg xmlns=\"http:\/\/www.w3.org\/2000\/svg\" fill=\"none\" viewbox=\"0 0 24 24\">\n  <path stroke=\"currentColor\" stroke-linecap=\"round\" stroke-linejoin=\"round\" stroke-width=\"1.5\" d=\"m9 18 6-6-6-6\"\/>\n<\/svg>\n<\/a><\/div><div class=\"ultp-block-meta ultp-block-meta-close ultp-block-meta-noIcon\"><span class=\"ultp-block-date ultp-block-meta-element\">Jul 6, 2025<\/span><\/div><\/div><\/div><\/div><div class=\"ultp-block-item ultp-block-media post-id-8056\"><div class=\"ultp-block-content-wrap\"><div class=\"ultp-block-image ultp-block-image-opacity\"><a href=\"https:\/\/gubineczakos.hu\/en\/a-nepdal-a-lelek-tukre-enekoktatas-munchenben\/\" ><img decoding=\"async\"  alt=\"A n\u00e9pdal a l\u00e9lek t\u00fckre &#8211; \u00c9nekoktat\u00e1s M\u00fcnchenben\"  src=\"https:\/\/gubineczakos.hu\/wp-content\/uploads\/2024\/02\/IMG_2171-600x600.jpeg\" \/><\/a><div class=\"ultp-category-img-grid\"><div class=\"ultp-category-grid ultp-category-classic ultp-category-topLeft\"><div class=\"ultp-category-in\"><a class=\"ultp-cat-blog\" href=\"https:\/\/gubineczakos.hu\/en\/category\/blog\/\"  >Blog<\/a><a class=\"ultp-cat-featured\" href=\"https:\/\/gubineczakos.hu\/en\/category\/featured\/\"  >Featured<\/a><\/div><\/div><\/div><\/div><div class=\"ultp-block-content\"><h1 class=\"ultp-block-title\"><a href=\"https:\/\/gubineczakos.hu\/en\/a-nepdal-a-lelek-tukre-enekoktatas-munchenben\/\" >A n\u00e9pdal a l\u00e9lek t\u00fckre &#8211; \u00c9nekoktat\u00e1s M\u00fcnchenben<\/a><\/h1><div class=\"ultp-block-excerpt\"><p>Az \u00e9nekl\u00e9s nem csak k\u00f6z\u00f6ss\u00e9gi impulzus: \u00e9vezredek \u00f3ta az \u00e9lm\u00e9nyen t\u00fal az \u00e9rzelmek kifejez\u00e9s\u00e9t is szolg\u00e1lja. Az anyanyelven t\u00f6rt\u00e9n\u0151 \u00e9nekl\u00e9s fontoss\u00e1g\u00e1ra t\u00f6bb jeles kutat\u00f3 is felh\u00edvta m\u00e1r a figyelmet, t\u00f6bbekA n\u00e9pdal a l\u00e9lek t\u00fckre &#8211; \u00c9nekoktat\u00e1s M\u00fcnchenben<\/p>\n<\/div><div class=\"ultp-block-readmore\"><a aria-label=\"A n\u00e9pdal a l\u00e9lek t\u00fckre &#8211; \u00c9nekoktat\u00e1s M\u00fcnchenben\" href=\"https:\/\/gubineczakos.hu\/en\/a-nepdal-a-lelek-tukre-enekoktatas-munchenben\/\" >Tov\u00e1bb olvasom<svg xmlns=\"http:\/\/www.w3.org\/2000\/svg\" fill=\"none\" viewbox=\"0 0 24 24\">\n  <path stroke=\"currentColor\" stroke-linecap=\"round\" stroke-linejoin=\"round\" stroke-width=\"1.5\" d=\"m9 18 6-6-6-6\"\/>\n<\/svg>\n<\/a><\/div><div class=\"ultp-block-meta ultp-block-meta-close ultp-block-meta-noIcon\"><span class=\"ultp-block-date ultp-block-meta-element\">Feb 21, 2024<\/span><\/div><\/div><\/div><\/div><div class=\"ultp-block-item ultp-block-media post-id-7778\"><div class=\"ultp-block-content-wrap\"><div class=\"ultp-block-image ultp-block-image-opacity\"><a href=\"https:\/\/gubineczakos.hu\/en\/treningbol-karanten\/\" ><img decoding=\"async\"  alt=\"Tr\u00e9ningb\u0151l karant\u00e9n\"  src=\"https:\/\/gubineczakos.hu\/wp-content\/uploads\/2022\/02\/0110E6FF-C25D-40F6-BE1E-69859F8246F2-600x600.jpeg\" \/><\/a><div class=\"ultp-category-img-grid\"><div class=\"ultp-category-grid ultp-category-classic ultp-category-topLeft\"><div class=\"ultp-category-in\"><a class=\"ultp-cat-blog\" href=\"https:\/\/gubineczakos.hu\/en\/category\/blog\/\"  >Blog<\/a><a class=\"ultp-cat-featured\" href=\"https:\/\/gubineczakos.hu\/en\/category\/featured\/\"  >Featured<\/a><\/div><\/div><\/div><\/div><div class=\"ultp-block-content\"><h1 class=\"ultp-block-title\"><a href=\"https:\/\/gubineczakos.hu\/en\/treningbol-karanten\/\" >Tr\u00e9ningb\u0151l karant\u00e9n<\/a><\/h1><div class=\"ultp-block-excerpt\"><p>Els\u0151 alkalommal vehettem r\u00e9szt a MUS-E m\u0171v\u00e9szeknek \u00e9s pedag\u00f3gusoknak meghirdetett nemzetk\u00f6zi tr\u00e9ningj\u00e9n, N\u00e9metorsz\u00e1gban. Az utaz\u00e1s azonban nem v\u00e1rt izgalmakat hozott. Hajnali f\u00e9l n\u00e9gykor cs\u00f6rg\u00f6tt az \u00e9breszt\u0151m november 21-\u00e9n: indul\u00e1s aTr\u00e9ningb\u0151l karant\u00e9n<\/p>\n<\/div><div class=\"ultp-block-readmore\"><a aria-label=\"Tr\u00e9ningb\u0151l karant\u00e9n\" href=\"https:\/\/gubineczakos.hu\/en\/treningbol-karanten\/\" >Tov\u00e1bb olvasom<svg xmlns=\"http:\/\/www.w3.org\/2000\/svg\" fill=\"none\" viewbox=\"0 0 24 24\">\n  <path stroke=\"currentColor\" stroke-linecap=\"round\" stroke-linejoin=\"round\" stroke-width=\"1.5\" d=\"m9 18 6-6-6-6\"\/>\n<\/svg>\n<\/a><\/div><div class=\"ultp-block-meta ultp-block-meta-close ultp-block-meta-noIcon\"><span class=\"ultp-block-date ultp-block-meta-element\">Feb 12, 2022<\/span><\/div><\/div><\/div><\/div><div class=\"ultp-block-item ultp-block-media post-id-6443\"><div class=\"ultp-block-content-wrap\"><div class=\"ultp-block-image ultp-block-image-opacity\"><a href=\"https:\/\/gubineczakos.hu\/en\/etnikumok-egyuttelese\/\" ><img decoding=\"async\"  alt=\"Etnikumok egy\u00fctt\u00e9l\u00e9se\"  src=\"https:\/\/gubineczakos.hu\/wp-content\/uploads\/2018\/07\/C29862D3-7ABE-416B-9BD0-0FDF1314CB3A.jpeg\" \/><\/a><div class=\"ultp-category-img-grid\"><div class=\"ultp-category-grid ultp-category-classic ultp-category-topLeft\"><div class=\"ultp-category-in\"><a class=\"ultp-cat-blog\" href=\"https:\/\/gubineczakos.hu\/en\/category\/blog\/\"  >Blog<\/a><a class=\"ultp-cat-featured\" href=\"https:\/\/gubineczakos.hu\/en\/category\/featured\/\"  >Featured<\/a><\/div><\/div><\/div><\/div><div class=\"ultp-block-content\"><h1 class=\"ultp-block-title\"><a href=\"https:\/\/gubineczakos.hu\/en\/etnikumok-egyuttelese\/\" >Etnikumok egy\u00fctt\u00e9l\u00e9se<\/a><\/h1><div class=\"ultp-block-excerpt\"><p>N\u00e9pzen\u00e9nk, n\u00e9pdalaink ter\u00fclett\u0151l f\u00fcgg\u0151en soksz\u00edn\u0171ek, r\u00e1ad\u00e1sul az \u00e9vsz\u00e1zadok sor\u00e1n folytonos v\u00e1ltoz\u00e1son mentek kereszt\u00fcl. Vajon minek k\u00f6sz\u00f6nhet\u0151 ez a gazdag zenei kult\u00fara? Mennyiben j\u00e1rult hozz\u00e1 a magyar n\u00e9pzene fejl\u0151d\u00e9s\u00e9hez a m\u00e1sEtnikumok egy\u00fctt\u00e9l\u00e9se<\/p>\n<\/div><div class=\"ultp-block-readmore\"><a aria-label=\"Etnikumok egy\u00fctt\u00e9l\u00e9se\" href=\"https:\/\/gubineczakos.hu\/en\/etnikumok-egyuttelese\/\" >Tov\u00e1bb olvasom<svg xmlns=\"http:\/\/www.w3.org\/2000\/svg\" fill=\"none\" viewbox=\"0 0 24 24\">\n  <path stroke=\"currentColor\" stroke-linecap=\"round\" stroke-linejoin=\"round\" stroke-width=\"1.5\" d=\"m9 18 6-6-6-6\"\/>\n<\/svg>\n<\/a><\/div><div class=\"ultp-block-meta ultp-block-meta-close ultp-block-meta-noIcon\"><span class=\"ultp-block-date ultp-block-meta-element\">May 4, 2021<\/span><\/div><\/div><\/div><\/div><div class=\"ultp-block-item ultp-block-media post-id-6440\"><div class=\"ultp-block-content-wrap\"><div class=\"ultp-block-image ultp-block-image-opacity\"><a href=\"https:\/\/gubineczakos.hu\/en\/magyarsag-a-diaszporakban\/\" ><img decoding=\"async\"  alt=\"Magyars\u00e1g a diaszp\u00f3r\u00e1kban\"  src=\"https:\/\/gubineczakos.hu\/wp-content\/uploads\/2021\/02\/20200219_1522540-640x640-1.jpg\" \/><\/a><div class=\"ultp-category-img-grid\"><div class=\"ultp-category-grid ultp-category-classic ultp-category-topLeft\"><div class=\"ultp-category-in\"><a class=\"ultp-cat-blog\" href=\"https:\/\/gubineczakos.hu\/en\/category\/blog\/\"  >Blog<\/a><a class=\"ultp-cat-featured\" href=\"https:\/\/gubineczakos.hu\/en\/category\/featured\/\"  >Featured<\/a><\/div><\/div><\/div><\/div><div class=\"ultp-block-content\"><h1 class=\"ultp-block-title\"><a href=\"https:\/\/gubineczakos.hu\/en\/magyarsag-a-diaszporakban\/\" >Magyars\u00e1g a diaszp\u00f3r\u00e1kban<\/a><\/h1><div class=\"ultp-block-excerpt\"><p>A hat\u00e1rainkon k\u00edv\u00fcl \u00e9l\u0151 magyarok kult\u00far\u00e1juk \u00e9s anyanyelv\u00fck meg\u0151rz\u00e9s\u00e9vel diaszp\u00f3ra-csoportokat alkotnak. Az elm\u00falt \u00e9vekben t\u00f6bb diaszp\u00f3ra m\u0171k\u00f6d\u00e9s\u00e9t megtapasztalhattam, Eur\u00f3p\u00e1ban \u00e9s a tengeren t\u00fal egyar\u00e1nt. \u00dati besz\u00e1mol\u00f3k, tapasztalatok, \u00e9lm\u00e9nyek.&nbsp; A diaszp\u00f3raMagyars\u00e1g a diaszp\u00f3r\u00e1kban<\/p>\n<\/div><div class=\"ultp-block-readmore\"><a aria-label=\"Magyars\u00e1g a diaszp\u00f3r\u00e1kban\" href=\"https:\/\/gubineczakos.hu\/en\/magyarsag-a-diaszporakban\/\" >Tov\u00e1bb olvasom<svg xmlns=\"http:\/\/www.w3.org\/2000\/svg\" fill=\"none\" viewbox=\"0 0 24 24\">\n  <path stroke=\"currentColor\" stroke-linecap=\"round\" stroke-linejoin=\"round\" stroke-width=\"1.5\" d=\"m9 18 6-6-6-6\"\/>\n<\/svg>\n<\/a><\/div><div class=\"ultp-block-meta ultp-block-meta-close ultp-block-meta-noIcon\"><span class=\"ultp-block-date ultp-block-meta-element\">May 4, 2021<\/span><\/div><\/div><\/div><\/div><\/div><div class=\"ultp-pagination-wrap ultp-pagination-ajax-action\" data-paged=\"1\" data-expost=\"\"  data-blockid=\"9574ec\" data-postid=\"1153\" data-pages=\"2\" data-blockname=\"ultimate-post_post-list-3\" data-selfpostid=\"no\"><ul class=\"ultp-pagination\"><li class=\"ultp-prev-page-numbers\" style=\"display:none\"><a href=\"https:\/\/gubineczakos.hu\/en\/wp-json\/wp\/v2\/pages\/1153\/\"><svg xmlns=\"http:\/\/www.w3.org\/2000\/svg\" fill=\"none\" viewbox=\"0 0 24 24\">\n  <path stroke=\"currentColor\" stroke-linecap=\"round\" stroke-linejoin=\"round\" stroke-width=\"1.5\" d=\"m15 18-6-6 6-6\"\/>\n<\/svg>\n Previous<\/a><\/li><li class=\"ultp-center-item pagination-active\" data-current=\"1\"><a href=\"https:\/\/gubineczakos.hu\/en\/wp-json\/wp\/v2\/pages\/1153\/\">1<\/a><\/li><li class=\"ultp-center-item\" data-current=\"2\" ><a href=\"https:\/\/gubineczakos.hu\/en\/wp-json\/wp\/v2\/pages\/1153\/page\/2\/\">2<\/a><\/li><li class=\"ultp-last-dot\" style=\"display:none\"><a href=\"#\">&#8230;<\/a><\/li><li class=\"ultp-next-page-numbers\"><a href=\"https:\/\/gubineczakos.hu\/en\/wp-json\/wp\/v2\/pages\/1153\/page\/2\/\">Next<svg xmlns=\"http:\/\/www.w3.org\/2000\/svg\" fill=\"none\" viewbox=\"0 0 24 24\">\n  <path stroke=\"currentColor\" stroke-linecap=\"round\" stroke-linejoin=\"round\" stroke-width=\"1.5\" d=\"m9 18 6-6-6-6\"\/>\n<\/svg>\n<\/a><\/li><\/ul><\/div><\/div><div class=\"pagination-block-html\" aria-hidden=\"true\" style=\"display: none;\"><\/div><\/div>\n\n\n<style>\n@media (min-width: 768px){\n  .ultp-block-item .ultp-block-image {\n      width: 30%;\n  }\n}\n\n.ultp-block-items-wrap .ultp-block-item .ultp-block-title, .ultp-block-9574ec .ultp-block-items-wrap .ultp-block-item .ultp-block-title a {\n    line-height: 40px !important;\n}\n<\/style>\n<\/div>","protected":false},"excerpt":{"rendered":"","protected":false},"author":2,"featured_media":0,"parent":0,"menu_order":0,"comment_status":"closed","ping_status":"closed","template":"","meta":{"inline_featured_image":false,"_uag_custom_page_level_css":"","_uf_show_specific_survey":0,"_uf_disable_surveys":false,"footnotes":""},"class_list":["post-1153","page","type-page","status-publish","hentry"],"uagb_featured_image_src":{"full":false,"thumbnail":false,"medium":false,"medium_large":false,"large":false,"1536x1536":false,"2048x2048":false,"trp-custom-language-flag":false,"ect-jetpack-portfolio-featured":false,"ect-featured-content":false,"ect-service":false,"ultp_layout_landscape_large":false,"ultp_layout_landscape":false,"ultp_layout_portrait":false,"ultp_layout_square":false,"post-thumbnail":false,"euphony-archive":false,"euphony-archive-landscape":false,"euphony-archive-portrait":false,"euphony-slider":false,"euphony-testimonial":false,"euphony-stats":false,"euphony-team":false,"euphony-service":false,"euphony-logo-slider":false,"bdpp-medium":false,"jetpack-portfolio-admin-thumb":false,"featured-content-admin-thumb":false,"service-admin-thumb":false,"woocommerce_thumbnail":false,"woocommerce_single":false,"woocommerce_gallery_thumbnail":false,"awb_sm":false,"awb_md":false,"awb_lg":false,"awb_xl":false},"uagb_author_info":{"display_name":"Matis \u00c1d\u00e1m","author_link":"https:\/\/gubineczakos.hu\/en\/author\/adamita\/"},"uagb_comment_info":0,"uagb_excerpt":null,"jetpack_shortlink":"https:\/\/wp.me\/PcNYq5-iB","jetpack-related-posts":[],"jetpack_sharing_enabled":true,"_links":{"self":[{"href":"https:\/\/gubineczakos.hu\/en\/wp-json\/wp\/v2\/pages\/1153","targetHints":{"allow":["GET"]}}],"collection":[{"href":"https:\/\/gubineczakos.hu\/en\/wp-json\/wp\/v2\/pages"}],"about":[{"href":"https:\/\/gubineczakos.hu\/en\/wp-json\/wp\/v2\/types\/page"}],"author":[{"embeddable":true,"href":"https:\/\/gubineczakos.hu\/en\/wp-json\/wp\/v2\/users\/2"}],"replies":[{"embeddable":true,"href":"https:\/\/gubineczakos.hu\/en\/wp-json\/wp\/v2\/comments?post=1153"}],"version-history":[{"count":2,"href":"https:\/\/gubineczakos.hu\/en\/wp-json\/wp\/v2\/pages\/1153\/revisions"}],"predecessor-version":[{"id":8205,"href":"https:\/\/gubineczakos.hu\/en\/wp-json\/wp\/v2\/pages\/1153\/revisions\/8205"}],"wp:attachment":[{"href":"https:\/\/gubineczakos.hu\/en\/wp-json\/wp\/v2\/media?parent=1153"}],"curies":[{"name":"wp","href":"https:\/\/api.w.org\/{rel}","templated":true}]}}