{"id":5685,"date":"2018-07-19T11:10:38","date_gmt":"2018-07-19T11:10:38","guid":{"rendered":"http:\/\/gubineczakos.hu\/?page_id=5685"},"modified":"2021-03-29T18:40:33","modified_gmt":"2021-03-29T17:40:33","slug":"me","status":"publish","type":"page","link":"https:\/\/gubineczakos.hu\/en\/me\/","title":{"rendered":"About me"},"content":{"rendered":"<div id=\"modal-ready\">\n<p class=\"has-text-align-justify\" style=\"font-size:24px\"><span style=\"color: #ffffff;\">Gyermekkorom \u00f3ta foglalkoztat a magyar n\u00e9pzene \u00e9s a n\u00e9pdalok vil\u00e1ga. Legfontosabb c\u00e9lomnak tartom, hogy a magyar n\u00e9pzen\u00e9t megismertessem gener\u00e1ci\u00f3kt\u00f3l, hat\u00e1rokt\u00f3l \u00e9s t\u00e1rsadalmi helyzett\u0151l f\u00fcggetlen\u00fcl. \u00dagy \u00e9rzem, a n\u00e9pzene az a m\u0171faj, amit a legt\u00f6bb embernek \u00e1t lehet \u00e9s \u00e1t is kell adni.<\/span><\/p>\n\n\n\n<p class=\"has-text-align-right\"><a class=\"button\" title=\"Learn\" href=\"https:\/\/gubineczakos.hu\/en\/bio\/\">OLVASS TOV\u00c1BB<\/a><\/p>\n<\/div>","protected":false},"excerpt":{"rendered":"<p>Gyermekkorom \u00f3ta foglalkoztat a magyar n\u00e9pzene \u00e9s a n\u00e9pdalok vil\u00e1ga. Legfontosabb c\u00e9lomnak tartom, hogy a magyar n\u00e9pzen\u00e9t megismertessem gener\u00e1ci\u00f3kt\u00f3l, hat\u00e1rokt\u00f3l \u00e9s t\u00e1rsadalmi helyzett\u0151l f\u00fcggetlen\u00fcl. \u00dagy \u00e9rzem, a n\u00e9pzene az a<\/p>\n<p class=\"more-link\"><a href=\"https:\/\/gubineczakos.hu\/en\/me\/\" class=\"readmore\"><span class=\"screen-reader-text\">About me<\/span><\/a><\/p>\n<p> &hellip; <a href=\"https:\/\/gubineczakos.hu\/en\/me\/\" class=\"more-link\"><span class=\"readmore\"><span class=\"screen-reader-text\">About me<\/span><\/span><\/a><\/p>","protected":false},"author":2,"featured_media":6032,"parent":0,"menu_order":0,"comment_status":"closed","ping_status":"closed","template":"","meta":{"inline_featured_image":false,"_uag_custom_page_level_css":"","_uf_show_specific_survey":0,"_uf_disable_surveys":false,"footnotes":""},"class_list":["post-5685","page","type-page","status-publish","has-post-thumbnail","hentry"],"uagb_featured_image_src":{"full":["https:\/\/gubineczakos.hu\/wp-content\/uploads\/2021\/02\/IMG_6644-scaled.jpg",2560,1920,false],"thumbnail":["https:\/\/gubineczakos.hu\/wp-content\/uploads\/2021\/02\/IMG_6644-scaled.jpg",150,113,false],"medium":["https:\/\/gubineczakos.hu\/wp-content\/uploads\/2021\/02\/IMG_6644-300x225.jpg",300,225,true],"medium_large":["https:\/\/gubineczakos.hu\/wp-content\/uploads\/2021\/02\/IMG_6644-scaled.jpg",768,576,false],"large":["https:\/\/gubineczakos.hu\/wp-content\/uploads\/2021\/02\/IMG_6644-scaled.jpg",920,690,false],"1536x1536":["https:\/\/gubineczakos.hu\/wp-content\/uploads\/2021\/02\/IMG_6644-scaled.jpg",1536,1152,false],"2048x2048":["https:\/\/gubineczakos.hu\/wp-content\/uploads\/2021\/02\/IMG_6644-scaled.jpg",2048,1536,false],"trp-custom-language-flag":["https:\/\/gubineczakos.hu\/wp-content\/uploads\/2021\/02\/IMG_6644-scaled.jpg",16,12,false],"ect-jetpack-portfolio-featured":["https:\/\/gubineczakos.hu\/wp-content\/uploads\/2021\/02\/IMG_6644-scaled.jpg",640,480,false],"ect-featured-content":["https:\/\/gubineczakos.hu\/wp-content\/uploads\/2021\/02\/IMG_6644-scaled.jpg",640,480,false],"ect-service":["https:\/\/gubineczakos.hu\/wp-content\/uploads\/2021\/02\/IMG_6644-scaled.jpg",640,480,false],"ultp_layout_landscape_large":["https:\/\/gubineczakos.hu\/wp-content\/uploads\/2021\/02\/IMG_6644-scaled.jpg",1067,800,false],"ultp_layout_landscape":["https:\/\/gubineczakos.hu\/wp-content\/uploads\/2021\/02\/IMG_6644-scaled.jpg",760,570,false],"ultp_layout_portrait":["https:\/\/gubineczakos.hu\/wp-content\/uploads\/2021\/02\/IMG_6644-scaled.jpg",600,450,false],"ultp_layout_square":["https:\/\/gubineczakos.hu\/wp-content\/uploads\/2021\/02\/IMG_6644-scaled.jpg",600,450,false],"post-thumbnail":["https:\/\/gubineczakos.hu\/wp-content\/uploads\/2021\/02\/IMG_6644-scaled.jpg",640,480,false],"euphony-archive":["https:\/\/gubineczakos.hu\/wp-content\/uploads\/2021\/02\/IMG_6644-scaled.jpg",920,690,false],"euphony-archive-landscape":["https:\/\/gubineczakos.hu\/wp-content\/uploads\/2021\/02\/IMG_6644-scaled.jpg",580,435,false],"euphony-archive-portrait":["https:\/\/gubineczakos.hu\/wp-content\/uploads\/2021\/02\/IMG_6644-scaled.jpg",580,435,false],"euphony-slider":["https:\/\/gubineczakos.hu\/wp-content\/uploads\/2021\/02\/IMG_6644-scaled.jpg",1440,1080,false],"euphony-testimonial":["https:\/\/gubineczakos.hu\/wp-content\/uploads\/2021\/02\/IMG_6644-scaled.jpg",720,540,false],"euphony-stats":["https:\/\/gubineczakos.hu\/wp-content\/uploads\/2021\/02\/IMG_6644-scaled.jpg",70,53,false],"euphony-team":["https:\/\/gubineczakos.hu\/wp-content\/uploads\/2021\/02\/IMG_6644-scaled.jpg",640,480,false],"euphony-service":["https:\/\/gubineczakos.hu\/wp-content\/uploads\/2021\/02\/IMG_6644-scaled.jpg",80,60,false],"euphony-logo-slider":["https:\/\/gubineczakos.hu\/wp-content\/uploads\/2021\/02\/IMG_6644-scaled.jpg",175,131,false],"bdpp-medium":["https:\/\/gubineczakos.hu\/wp-content\/uploads\/2021\/02\/IMG_6644-scaled.jpg",640,480,false],"jetpack-portfolio-admin-thumb":["https:\/\/gubineczakos.hu\/wp-content\/uploads\/2021\/02\/IMG_6644-scaled.jpg",50,38,false],"featured-content-admin-thumb":["https:\/\/gubineczakos.hu\/wp-content\/uploads\/2021\/02\/IMG_6644-scaled.jpg",50,38,false],"service-admin-thumb":["https:\/\/gubineczakos.hu\/wp-content\/uploads\/2021\/02\/IMG_6644-scaled.jpg",50,38,false],"woocommerce_thumbnail":["https:\/\/gubineczakos.hu\/wp-content\/uploads\/2021\/02\/IMG_6644-scaled-300x300.jpg",300,300,true],"woocommerce_single":["https:\/\/gubineczakos.hu\/wp-content\/uploads\/2021\/02\/IMG_6644-scaled-600x450.jpg",600,450,true],"woocommerce_gallery_thumbnail":["https:\/\/gubineczakos.hu\/wp-content\/uploads\/2021\/02\/IMG_6644-scaled-100x100.jpg",100,100,true],"awb_sm":["https:\/\/gubineczakos.hu\/wp-content\/uploads\/2021\/02\/IMG_6644-scaled.jpg",500,375,false],"awb_md":["https:\/\/gubineczakos.hu\/wp-content\/uploads\/2021\/02\/IMG_6644-scaled.jpg",800,600,false],"awb_lg":["https:\/\/gubineczakos.hu\/wp-content\/uploads\/2021\/02\/IMG_6644-scaled.jpg",1280,960,false],"awb_xl":["https:\/\/gubineczakos.hu\/wp-content\/uploads\/2021\/02\/IMG_6644-scaled.jpg",1920,1440,false]},"uagb_author_info":{"display_name":"Matis \u00c1d\u00e1m","author_link":"https:\/\/gubineczakos.hu\/en\/author\/adamita\/"},"uagb_comment_info":0,"uagb_excerpt":"Gyermekkorom \u00f3ta foglalkoztat a magyar n\u00e9pzene \u00e9s a n\u00e9pdalok vil\u00e1ga. Legfontosabb c\u00e9lomnak tartom, hogy a magyar n\u00e9pzen\u00e9t megismertessem gener\u00e1ci\u00f3kt\u00f3l, hat\u00e1rokt\u00f3l \u00e9s t\u00e1rsadalmi helyzett\u0151l f\u00fcggetlen\u00fcl. \u00dagy \u00e9rzem, a n\u00e9pzene az aMagamr\u00f3l &hellip; Magamr\u00f3l","jetpack_shortlink":"https:\/\/wp.me\/PcNYq5-1tH","jetpack-related-posts":[{"id":5584,"url":"https:\/\/gubineczakos.hu\/en\/","url_meta":{"origin":5685,"position":0},"title":"Home","author":"Matis \u00c1d\u00e1m","date":"2018. July 19.","format":false,"excerpt":"","rel":"","context":"Similar post","block_context":{"text":"Similar post","link":""},"img":{"alt_text":"","src":"https:\/\/gubineczakos.hu\/wp-content\/uploads\/2021\/09\/IMG_8722-copy.jpeg","width":350,"height":200,"srcset":"https:\/\/gubineczakos.hu\/wp-content\/uploads\/2021\/09\/IMG_8722-copy.jpeg 1x, https:\/\/gubineczakos.hu\/wp-content\/uploads\/2021\/09\/IMG_8722-copy.jpeg 1.5x, https:\/\/gubineczakos.hu\/wp-content\/uploads\/2021\/09\/IMG_8722-copy.jpeg 2x, https:\/\/gubineczakos.hu\/wp-content\/uploads\/2021\/09\/IMG_8722-copy.jpeg 3x, https:\/\/gubineczakos.hu\/wp-content\/uploads\/2021\/09\/IMG_8722-copy.jpeg 4x"},"classes":[]},{"id":8,"url":"https:\/\/gubineczakos.hu\/en\/bio\/","url_meta":{"origin":5685,"position":1},"title":"BIO","author":"Gubinecz \u00c1kos","date":"2017. September 14.","format":false,"excerpt":"\u00c9letrajz Gubinecz \u00c1kos Junior Prima d\u00edjas n\u00e9pdal\u00e9nekes, n\u00e9pzenetan\u00e1r. 1998-ban sz\u00fcletett Zalaegerszegen. Zenei tanulm\u00e1nyait a lenti \u00c1d\u00e1m Jen\u0151 Zeneiskol\u00e1ban kezdte, majd a zalaegerszegi P\u00e1l\u00f3czi Horv\u00e1th \u00c1d\u00e1m Alapfok\u00fa M\u0171v\u00e9szeti Iskol\u00e1ban folytatta, ifj. Horv\u00e1th K\u00e1roly tan\u00edtv\u00e1nyak\u00e9nt. 2013-ban felv\u00e9telt nyert a Sz\u00e9kesfeh\u00e9rv\u00e1ri Hermann L\u00e1szl\u00f3 Zenem\u0171v\u00e9szeti Szakgimn\u00e1ziumba, ahol n\u00e9pi \u00e9nek-citera-n\u00e9pi klarin\u00e9t szakon tanult. A szakgimn\u00e1zium\u2026","rel":"","context":"Similar post","block_context":{"text":"Similar post","link":""},"img":{"alt_text":"","src":"https:\/\/gubineczakos.hu\/wp-content\/uploads\/2021\/02\/Zeke-Banda22.jpg","width":350,"height":200,"srcset":"https:\/\/gubineczakos.hu\/wp-content\/uploads\/2021\/02\/Zeke-Banda22.jpg 1x, https:\/\/gubineczakos.hu\/wp-content\/uploads\/2021\/02\/Zeke-Banda22.jpg 1.5x, https:\/\/gubineczakos.hu\/wp-content\/uploads\/2021\/02\/Zeke-Banda22.jpg 2x, https:\/\/gubineczakos.hu\/wp-content\/uploads\/2021\/02\/Zeke-Banda22.jpg 3x, https:\/\/gubineczakos.hu\/wp-content\/uploads\/2021\/02\/Zeke-Banda22.jpg 4x"},"classes":[]},{"id":7558,"url":"https:\/\/gubineczakos.hu\/en\/aszf\/","url_meta":{"origin":5685,"position":2},"title":"\u00c1LTAL\u00c1NOS SZERZ\u0150D\u00c9SI FELT\u00c9TELEK (\u00c1SZF)","author":"Matis \u00c1d\u00e1m","date":"2021. September 28.","format":false,"excerpt":"http:\/\/gubineczakos.hu\u00a0hat\u00e1lyos ett\u0151l a napt\u00f3l:\u00a02021. okt\u00f3ber 3.\u00a0 K\u00e9rj\u00fck, hogy megrendel\u00e9se v\u00e9gleges\u00edt\u00e9se el\u0151tt figyelmesen olvassa el a jelen dokumentumot, mert megrendel\u00e9se v\u00e9gleges\u00edt\u00e9s\u00e9vel \u00d6n elfogadja a jelen \u00c1SZF tartalm\u00e1t!\u00a0 Az \u00c1ltal\u00e1nos Szolg\u00e1ltat\u00e1si Felt\u00e9telek (\u201e\u00c1SZF\u201d) tartalmazz\u00e1k\u00a0Gubinecz\u00a0\u00c1kos\u00a0(sz\u00e9khely:\u00a08948 Nova, F\u0151 u. 16.\u00a0ad\u00f3sz\u00e1m: 56497865-1-40),\u00a0mint szolg\u00e1ltat\u00f3 (\u201cSzolg\u00e1ltat\u00f3\u201d) \u00e1ltal \u00fczemeltetett web\u00e1ruh\u00e1z haszn\u00e1lat\u00e1ra vonatkoz\u00f3 \u00e1ltal\u00e1nos szerz\u0151d\u00e9si felt\u00e9teleket. K\u00e9rj\u00fck, hogy csak\u2026","rel":"","context":"Similar post","block_context":{"text":"Similar post","link":""},"img":{"alt_text":"","src":"","width":0,"height":0},"classes":[]},{"id":3,"url":"https:\/\/gubineczakos.hu\/en\/adatkezeles\/","url_meta":{"origin":5685,"position":3},"title":"Adatkezel\u00e9si t\u00e1j\u00e9koztat\u00f3","author":"Gubinecz \u00c1kos","date":"2020. December 27.","format":false,"excerpt":"Az adatkezel\u00e9si t\u00e1j\u00e9koztat\u00f3 c\u00e9lja Gubinecz\u00a0\u00c1kos\u00a0egy\u00e9ni v\u00e1llalkoz\u00f3\u00a0\u00a0(c\u00edm, a tov\u00e1bbiakban, szolg\u00e1ltat\u00f3, adatkezel\u0151) mint adatkezel\u0151, mag\u00e1ra n\u00e9zve k\u00f6telez\u0151nek ismeri el jelen jogi k\u00f6zlem\u00e9ny tartalm\u00e1t. K\u00f6telezetts\u00e9get v\u00e1llal arra, hogy tev\u00e9kenys\u00e9g\u00e9vel kapcsolatos minden adatkezel\u00e9s megfelel a jelen szab\u00e1lyzatban \u00e9s a hat\u00e1lyos nemzeti jogszab\u00e1lyokban, valamint az Eur\u00f3pai Uni\u00f3 jogi aktusaiban meghat\u00e1rozott elv\u00e1r\u00e1soknak. Az Adatkezel\u0151 adatkezel\u00e9seivel kapcsolatosan\u2026","rel":"","context":"Similar post","block_context":{"text":"Similar post","link":""},"img":{"alt_text":"","src":"","width":0,"height":0},"classes":[]},{"id":8556,"url":"https:\/\/gubineczakos.hu\/en\/press\/","url_meta":{"origin":5685,"position":4},"title":"Sajt\u00f3","author":"Matis \u00c1d\u00e1m","date":"2025. May 12.","format":false,"excerpt":"M2 Pet\u0151fi TV Esti Korn\u00e9l https:\/\/youtu.be\/96yT7mpF5II?si=-QEUGVG93KkHyBks Librett\u00f3 \u00a0Magyar Katolikus R\u00e1di\u00f3 - H\u00e1zimuzsika a D\u00e9lib\u00e1b utc\u00e1ban (szerk.: Juh\u00e1sz El\u0151d) \u00a0Pet\u0151fi Kult\u00farfitnesz Szani Rolanddal Pet\u0151fi R\u00e1di\u00f3 \u00b7 Kult\u00farfitnesz - Gubinecz \u00c1kos \u2022 Citeram\u0171v\u00e9sz, zen\u00e9sz \u2022 2024\/10\/06 \u00a0Klasszik R\u00e1di\u00f3, Intermezzo","rel":"","context":"Similar post","block_context":{"text":"Similar post","link":""},"img":{"alt_text":"","src":"http:\/\/img.youtube.com\/vi\/96yT7mpF5II\/0.jpg","width":350,"height":200},"classes":[]},{"id":12,"url":"https:\/\/gubineczakos.hu\/en\/cd\/","url_meta":{"origin":5685,"position":5},"title":"Limitless male voice","author":"Matis \u00c1d\u00e1m","date":"2017. September 14.","format":false,"excerpt":"R\u00f6vid ismertet\u0151 A Hat\u00e1rtalan f\u00e9rfi\u00e9nek c\u00edm\u0171 kiadv\u00e1nyokon szerepl\u0151 \u00f6ssze\u00e1ll\u00edt\u00e1sok t\u00falnyom\u00f3 t\u00f6bbs\u00e9ge a mai Magyarorsz\u00e1gon k\u00edv\u00fcl es\u0151, de kor\u00e1bban k\u00f6zigazgat\u00e1silag \u00e9s\/vagy nyelvj\u00e1r\u00e1s szempontj\u00e1b\u00f3l Magyarorsz\u00e1ghoz tartoz\u00f3 ter\u00fcletekr\u0151l sz\u00e1rmazik. A dallamok kiv\u00e1laszt\u00e1s\u00e1n\u00e1l t\u00f6rekedtem arra, hogy olyan m\u0171fajokat mutassak be, melyek a f\u00e9rfi \u00e9letsors legjellemz\u0151bb p\u00e9ld\u00e1i, \u00edgy megtal\u00e1lhat\u00f3k a lemezen p\u00e1sztordalok, katonadalok, bordalok, valamint\u2026","rel":"","context":"Similar post","block_context":{"text":"Similar post","link":""},"img":{"alt_text":"","src":"https:\/\/gubineczakos.hu\/wp-content\/uploads\/2021\/05\/facebook_post_h5_demo1.png","width":350,"height":200,"srcset":"https:\/\/gubineczakos.hu\/wp-content\/uploads\/2021\/05\/facebook_post_h5_demo1.png 1x, https:\/\/gubineczakos.hu\/wp-content\/uploads\/2021\/05\/facebook_post_h5_demo1.png 1.5x, https:\/\/gubineczakos.hu\/wp-content\/uploads\/2021\/05\/facebook_post_h5_demo1.png 2x, https:\/\/gubineczakos.hu\/wp-content\/uploads\/2021\/05\/facebook_post_h5_demo1.png 3x"},"classes":[]}],"jetpack_sharing_enabled":true,"_links":{"self":[{"href":"https:\/\/gubineczakos.hu\/en\/wp-json\/wp\/v2\/pages\/5685","targetHints":{"allow":["GET"]}}],"collection":[{"href":"https:\/\/gubineczakos.hu\/en\/wp-json\/wp\/v2\/pages"}],"about":[{"href":"https:\/\/gubineczakos.hu\/en\/wp-json\/wp\/v2\/types\/page"}],"author":[{"embeddable":true,"href":"https:\/\/gubineczakos.hu\/en\/wp-json\/wp\/v2\/users\/2"}],"replies":[{"embeddable":true,"href":"https:\/\/gubineczakos.hu\/en\/wp-json\/wp\/v2\/comments?post=5685"}],"version-history":[{"count":0,"href":"https:\/\/gubineczakos.hu\/en\/wp-json\/wp\/v2\/pages\/5685\/revisions"}],"wp:featuredmedia":[{"embeddable":true,"href":"https:\/\/gubineczakos.hu\/en\/wp-json\/wp\/v2\/media\/6032"}],"wp:attachment":[{"href":"https:\/\/gubineczakos.hu\/en\/wp-json\/wp\/v2\/media?parent=5685"}],"curies":[{"name":"wp","href":"https:\/\/api.w.org\/{rel}","templated":true}]}}