{"id":7324,"date":"2021-09-23T22:44:36","date_gmt":"2021-09-23T21:44:36","guid":{"rendered":"https:\/\/gubineczakos.hu\/uzlet\/"},"modified":"2021-09-28T10:01:39","modified_gmt":"2021-09-28T09:01:39","slug":"bolt","status":"publish","type":"page","link":"https:\/\/gubineczakos.hu\/en\/bolt\/","title":{"rendered":"Shop"},"content":{"rendered":"<div id=\"modal-ready\">\n<div class=\"wp-block-buttons is-content-justification-right is-layout-flex wp-block-buttons-is-layout-flex\">\n<div class=\"wp-block-button\"><a class=\"wp-block-button__link\" href=\"https:\/\/gubineczakos.hu\/en\/kosar\/\">Kos\u00e1r<\/a><\/div>\n<\/div>\n\n\n\n<style>\n.wp-block-buttons>.wp-block-button {\n    margin-left: auto;\n}\n<\/style>\n\n\n\n<p><\/p>\n<\/div>","protected":false},"excerpt":{"rendered":"","protected":false},"author":1,"featured_media":0,"parent":0,"menu_order":0,"comment_status":"closed","ping_status":"closed","template":"","meta":{"inline_featured_image":false,"_uag_custom_page_level_css":"","_uf_show_specific_survey":0,"_uf_disable_surveys":false,"footnotes":""},"class_list":["post-7324","page","type-page","status-publish","hentry"],"uagb_featured_image_src":{"full":false,"thumbnail":false,"medium":false,"medium_large":false,"large":false,"1536x1536":false,"2048x2048":false,"trp-custom-language-flag":false,"ect-jetpack-portfolio-featured":false,"ect-featured-content":false,"ect-service":false,"ultp_layout_landscape_large":false,"ultp_layout_landscape":false,"ultp_layout_portrait":false,"ultp_layout_square":false,"post-thumbnail":false,"euphony-archive":false,"euphony-archive-landscape":false,"euphony-archive-portrait":false,"euphony-slider":false,"euphony-testimonial":false,"euphony-stats":false,"euphony-team":false,"euphony-service":false,"euphony-logo-slider":false,"bdpp-medium":false,"jetpack-portfolio-admin-thumb":false,"featured-content-admin-thumb":false,"service-admin-thumb":false,"woocommerce_thumbnail":false,"woocommerce_single":false,"woocommerce_gallery_thumbnail":false,"awb_sm":false,"awb_md":false,"awb_lg":false,"awb_xl":false},"uagb_author_info":{"display_name":"Gubinecz \u00c1kos","author_link":"https:\/\/gubineczakos.hu\/en\/author\/gubineczakosgmail-com\/"},"uagb_comment_info":0,"uagb_excerpt":null,"jetpack_shortlink":"https:\/\/wp.me\/PcNYq5-1U8","jetpack-related-posts":[{"id":5584,"url":"https:\/\/gubineczakos.hu\/en\/","url_meta":{"origin":7324,"position":0},"title":"Home","author":"Matis \u00c1d\u00e1m","date":"2018. July 19.","format":false,"excerpt":"","rel":"","context":"Similar post","block_context":{"text":"Similar post","link":""},"img":{"alt_text":"","src":"https:\/\/gubineczakos.hu\/wp-content\/uploads\/2021\/09\/IMG_8722-copy.jpeg","width":350,"height":200,"srcset":"https:\/\/gubineczakos.hu\/wp-content\/uploads\/2021\/09\/IMG_8722-copy.jpeg 1x, https:\/\/gubineczakos.hu\/wp-content\/uploads\/2021\/09\/IMG_8722-copy.jpeg 1.5x, https:\/\/gubineczakos.hu\/wp-content\/uploads\/2021\/09\/IMG_8722-copy.jpeg 2x, https:\/\/gubineczakos.hu\/wp-content\/uploads\/2021\/09\/IMG_8722-copy.jpeg 3x, https:\/\/gubineczakos.hu\/wp-content\/uploads\/2021\/09\/IMG_8722-copy.jpeg 4x"},"classes":[]},{"id":12,"url":"https:\/\/gubineczakos.hu\/en\/cd\/","url_meta":{"origin":7324,"position":1},"title":"Limitless male voice","author":"Matis \u00c1d\u00e1m","date":"2017. September 14.","format":false,"excerpt":"R\u00f6vid ismertet\u0151 A Hat\u00e1rtalan f\u00e9rfi\u00e9nek c\u00edm\u0171 kiadv\u00e1nyokon szerepl\u0151 \u00f6ssze\u00e1ll\u00edt\u00e1sok t\u00falnyom\u00f3 t\u00f6bbs\u00e9ge a mai Magyarorsz\u00e1gon k\u00edv\u00fcl es\u0151, de kor\u00e1bban k\u00f6zigazgat\u00e1silag \u00e9s\/vagy nyelvj\u00e1r\u00e1s szempontj\u00e1b\u00f3l Magyarorsz\u00e1ghoz tartoz\u00f3 ter\u00fcletekr\u0151l sz\u00e1rmazik. A dallamok kiv\u00e1laszt\u00e1s\u00e1n\u00e1l t\u00f6rekedtem arra, hogy olyan m\u0171fajokat mutassak be, melyek a f\u00e9rfi \u00e9letsors legjellemz\u0151bb p\u00e9ld\u00e1i, \u00edgy megtal\u00e1lhat\u00f3k a lemezen p\u00e1sztordalok, katonadalok, bordalok, valamint\u2026","rel":"","context":"Similar post","block_context":{"text":"Similar post","link":""},"img":{"alt_text":"","src":"https:\/\/gubineczakos.hu\/wp-content\/uploads\/2021\/05\/facebook_post_h5_demo1.png","width":350,"height":200,"srcset":"https:\/\/gubineczakos.hu\/wp-content\/uploads\/2021\/05\/facebook_post_h5_demo1.png 1x, https:\/\/gubineczakos.hu\/wp-content\/uploads\/2021\/05\/facebook_post_h5_demo1.png 1.5x, https:\/\/gubineczakos.hu\/wp-content\/uploads\/2021\/05\/facebook_post_h5_demo1.png 2x, https:\/\/gubineczakos.hu\/wp-content\/uploads\/2021\/05\/facebook_post_h5_demo1.png 3x"},"classes":[]},{"id":1153,"url":"https:\/\/gubineczakos.hu\/en\/blog\/","url_meta":{"origin":7324,"position":2},"title":"Blog","author":"Matis \u00c1d\u00e1m","date":"2021. January 31.","format":false,"excerpt":"","rel":"","context":"Similar post","block_context":{"text":"Similar post","link":""},"img":{"alt_text":"","src":"","width":0,"height":0},"classes":[]},{"id":8,"url":"https:\/\/gubineczakos.hu\/en\/bio\/","url_meta":{"origin":7324,"position":3},"title":"BIO","author":"Gubinecz \u00c1kos","date":"2017. September 14.","format":false,"excerpt":"\u00c9letrajz Gubinecz \u00c1kos Junior Prima d\u00edjas n\u00e9pdal\u00e9nekes, n\u00e9pzenetan\u00e1r. 1998-ban sz\u00fcletett Zalaegerszegen. Zenei tanulm\u00e1nyait a lenti \u00c1d\u00e1m Jen\u0151 Zeneiskol\u00e1ban kezdte, majd a zalaegerszegi P\u00e1l\u00f3czi Horv\u00e1th \u00c1d\u00e1m Alapfok\u00fa M\u0171v\u00e9szeti Iskol\u00e1ban folytatta, ifj. Horv\u00e1th K\u00e1roly tan\u00edtv\u00e1nyak\u00e9nt. 2013-ban felv\u00e9telt nyert a Sz\u00e9kesfeh\u00e9rv\u00e1ri Hermann L\u00e1szl\u00f3 Zenem\u0171v\u00e9szeti Szakgimn\u00e1ziumba, ahol n\u00e9pi \u00e9nek-citera-n\u00e9pi klarin\u00e9t szakon tanult. A szakgimn\u00e1zium\u2026","rel":"","context":"Similar post","block_context":{"text":"Similar post","link":""},"img":{"alt_text":"","src":"https:\/\/gubineczakos.hu\/wp-content\/uploads\/2021\/02\/Zeke-Banda22.jpg","width":350,"height":200,"srcset":"https:\/\/gubineczakos.hu\/wp-content\/uploads\/2021\/02\/Zeke-Banda22.jpg 1x, https:\/\/gubineczakos.hu\/wp-content\/uploads\/2021\/02\/Zeke-Banda22.jpg 1.5x, https:\/\/gubineczakos.hu\/wp-content\/uploads\/2021\/02\/Zeke-Banda22.jpg 2x, https:\/\/gubineczakos.hu\/wp-content\/uploads\/2021\/02\/Zeke-Banda22.jpg 3x, https:\/\/gubineczakos.hu\/wp-content\/uploads\/2021\/02\/Zeke-Banda22.jpg 4x"},"classes":[]},{"id":7558,"url":"https:\/\/gubineczakos.hu\/en\/aszf\/","url_meta":{"origin":7324,"position":4},"title":"\u00c1LTAL\u00c1NOS SZERZ\u0150D\u00c9SI FELT\u00c9TELEK (\u00c1SZF)","author":"Matis \u00c1d\u00e1m","date":"2021. September 28.","format":false,"excerpt":"http:\/\/gubineczakos.hu\u00a0hat\u00e1lyos ett\u0151l a napt\u00f3l:\u00a02021. okt\u00f3ber 3.\u00a0 K\u00e9rj\u00fck, hogy megrendel\u00e9se v\u00e9gleges\u00edt\u00e9se el\u0151tt figyelmesen olvassa el a jelen dokumentumot, mert megrendel\u00e9se v\u00e9gleges\u00edt\u00e9s\u00e9vel \u00d6n elfogadja a jelen \u00c1SZF tartalm\u00e1t!\u00a0 Az \u00c1ltal\u00e1nos Szolg\u00e1ltat\u00e1si Felt\u00e9telek (\u201e\u00c1SZF\u201d) tartalmazz\u00e1k\u00a0Gubinecz\u00a0\u00c1kos\u00a0(sz\u00e9khely:\u00a08948 Nova, F\u0151 u. 16.\u00a0ad\u00f3sz\u00e1m: 56497865-1-40),\u00a0mint szolg\u00e1ltat\u00f3 (\u201cSzolg\u00e1ltat\u00f3\u201d) \u00e1ltal \u00fczemeltetett web\u00e1ruh\u00e1z haszn\u00e1lat\u00e1ra vonatkoz\u00f3 \u00e1ltal\u00e1nos szerz\u0151d\u00e9si felt\u00e9teleket. K\u00e9rj\u00fck, hogy csak\u2026","rel":"","context":"Similar post","block_context":{"text":"Similar post","link":""},"img":{"alt_text":"","src":"","width":0,"height":0},"classes":[]},{"id":14,"url":"https:\/\/gubineczakos.hu\/en\/calendar\/","url_meta":{"origin":7324,"position":5},"title":"Events","author":"Matis \u00c1d\u00e1m","date":"2017. September 14.","format":false,"excerpt":"Aktu\u00e1lis Arch\u00edv","rel":"","context":"Similar post","block_context":{"text":"Similar post","link":""},"img":{"alt_text":"","src":"","width":0,"height":0},"classes":[]}],"jetpack_sharing_enabled":true,"_links":{"self":[{"href":"https:\/\/gubineczakos.hu\/en\/wp-json\/wp\/v2\/pages\/7324","targetHints":{"allow":["GET"]}}],"collection":[{"href":"https:\/\/gubineczakos.hu\/en\/wp-json\/wp\/v2\/pages"}],"about":[{"href":"https:\/\/gubineczakos.hu\/en\/wp-json\/wp\/v2\/types\/page"}],"author":[{"embeddable":true,"href":"https:\/\/gubineczakos.hu\/en\/wp-json\/wp\/v2\/users\/1"}],"replies":[{"embeddable":true,"href":"https:\/\/gubineczakos.hu\/en\/wp-json\/wp\/v2\/comments?post=7324"}],"version-history":[{"count":0,"href":"https:\/\/gubineczakos.hu\/en\/wp-json\/wp\/v2\/pages\/7324\/revisions"}],"wp:attachment":[{"href":"https:\/\/gubineczakos.hu\/en\/wp-json\/wp\/v2\/media?parent=7324"}],"curies":[{"name":"wp","href":"https:\/\/api.w.org\/{rel}","templated":true}]}}