{"id":8,"date":"2017-09-14T10:43:12","date_gmt":"2017-09-14T09:43:12","guid":{"rendered":"http:\/\/gubineczakos.hu\/?page_id=8"},"modified":"2024-10-06T10:55:54","modified_gmt":"2024-10-06T09:55:54","slug":"bio","status":"publish","type":"page","link":"https:\/\/gubineczakos.hu\/en\/bio\/","title":{"rendered":"BIO"},"content":{"rendered":"<div id=\"modal-ready\">\n<div class=\"wp-block-cover alignfull has-parallax\" style=\"min-height:600px;aspect-ratio:unset;\"><span aria-hidden=\"true\" class=\"wp-block-cover__background has-black-background-color has-background-dim-80 has-background-dim\"><\/span><div class=\"wp-block-cover__image-background wp-image-6337 has-parallax\" style=\"background-position:50% 50%;background-image:url(http:\/\/gubineczakos.hu\/wp-content\/uploads\/2021\/03\/DSC_0115.jpg)\"><\/div><div class=\"wp-block-cover__inner-container is-layout-flow wp-block-cover-is-layout-flow\">\n<h2 class=\"wp-block-heading alignwide has-text-align-center\">BIO<\/h2>\n\n\n\n<div class=\"wp-block-uagb-container uagb-block-1c5f73de alignfull uagb-is-root-container\"><div class=\"uagb-container-inner-blocks-wrap\">\n<hr class=\"wp-block-separator has-text-color has-white-color has-css-opacity has-white-background-color has-background alignwide is-style-wide\"\/>\n\n\n\n<div class=\"wp-block-columns is-layout-flex wp-container-core-columns-is-layout-9d6595d7 wp-block-columns-is-layout-flex\">\n<div class=\"wp-block-column is-layout-flow wp-block-column-is-layout-flow\" style=\"flex-basis:100%\">\n<p class=\"has-text-align-left\">Gubinecz \u00c1kos Junior Prima d\u00edjas n\u00e9pdal\u00e9nekes, n\u00e9pzenetan\u00e1r. 1998-ban sz\u00fcletett Zalaegerszegen. Zenei tanulm\u00e1nyait a lenti \u00c1d\u00e1m Jen\u0151 Zeneiskol\u00e1ban kezdte, majd a zalaegerszegi P\u00e1l\u00f3czi Horv\u00e1th \u00c1d\u00e1m Alapfok\u00fa M\u0171v\u00e9szeti Iskol\u00e1ban folytatta, ifj. Horv\u00e1th K\u00e1roly tan\u00edtv\u00e1nyak\u00e9nt. 2013-ban felv\u00e9telt nyert a Sz\u00e9kesfeh\u00e9rv\u00e1ri Hermann L\u00e1szl\u00f3 Zenem\u0171v\u00e9szeti Szakgimn\u00e1ziumba, ahol n\u00e9pi \u00e9nek-citera-n\u00e9pi klarin\u00e9t szakon tanult.<\/p>\n\n\n\n<p>A szakgimn\u00e1zium befejez\u00e9se ut\u00e1n \u00c1kos 2017-ben felv\u00e9telt nyert a <strong>Liszt Ferenc Zenem\u0171v\u00e9szeti Egyetem<\/strong> n\u00e9pi \u00e9nek \u2013 n\u00e9pi citera-koboz-teker\u0151 m\u0171v\u00e9sztan\u00e1r szak\u00e1ra, majd 2018-ban p\u00e1rhuzamos k\u00e9pz\u00e9sk\u00e9nt elkezdte a n\u00e9pzeneelm\u00e9let tan\u00e1ri szakot is, ugyancsak a Zeneakad\u00e9mi\u00e1n. 2019-2023 k\u00f6z\u00f6tt a <strong>Bart\u00f3k B\u00e9la Zenem\u0171v\u00e9szeti Szakgimn\u00e1zium<\/strong> \u00f3raad\u00f3 tan\u00e1rak\u00e9nt dolgozott, jelenleg a Sz\u00e9kesfeh\u00e9rv\u00e1ri Hermann L\u00e1szl\u00f3 Zenem\u0171v\u00e9szeti Szakgimn\u00e1zium pedag\u00f3gusa, valamint a <strong>MUS-E Magyarorsz\u00e1g<\/strong> \u00fcgyvezet\u0151je \u00e9s m\u0171v\u00e9sze. Ut\u00f3bbi program keret\u00e9ben heti rendszeress\u00e9ggel tart \u00f3r\u00e1t h\u00e1tr\u00e1nyos helyzet\u0171 gyermekeknek, valamint r\u00e9szt vesz nemzetk\u00f6zi tr\u00e9ningeken a kreat\u00edv zenei nevel\u00e9s t\u00e9mak\u00f6r\u00e9ben. <\/p>\n\n\n\n<p>A fiatal m\u0171v\u00e9sz gyermekkora \u00f3ta t\u00f6bb n\u00e9pdal\u00e9nekl\u00e9si versenyen is megfordult. 2015-ben elnyerte a Magyar K\u00f3rusok \u00e9s Zenekarok Sz\u00f6vets\u00e9g\u00e9nek <strong>Aranyp\u00e1va Nagyd\u00edj<\/strong>\u00e1t, 2016-ban pedig I. helyez\u00e9st \u00e9rt el a Hajnal Akar Lenni K\u00e1rp\u00e1t-medencei N\u00e9pdal\u00e9nekl\u00e9si Versenyen. Versenyeredm\u00e9nyei mellett 2020-ban elnyerte a <strong>Nemzeti Fels\u0151oktat\u00e1si \u00d6szt\u00f6nd\u00edj<\/strong>at, 2022-ben pedig munk\u00e1ss\u00e1g\u00e1t <strong>Junior Prima d\u00edj<\/strong>jal jutalmazt\u00e1k. 2023-2024-ben \u00c1kos a K\u0151r\u00f6si Csoma S\u00e1ndor \u00d6szt\u00f6nd\u00edjprogram keretein bel\u00fcl a m\u00fcncheni Reg\u00f6s Egy\u00fcttesn\u00e9l tev\u00e9kenykedett.<\/p>\n\n\n\n<p>\u00c1kos a magyar n\u00e9pzene soksz\u00edn\u0171s\u00e9g\u00e9t bemutat\u00f3 els\u0151 kiadv\u00e1nya 2021-ben jelent meg, <strong>Limitless male voice<\/strong> c\u00edmmel. A kiadv\u00e1nyt bemutatt\u00e1k haz\u00e1nk t\u00f6bb nagyv\u00e1ros\u00e1ban, de turn\u00e9ztak vele N\u00e9metorsz\u00e1gban, Sv\u00e1jcban, Horv\u00e1torsz\u00e1gban, Szlov\u00e9ni\u00e1ban, Szerbi\u00e1ban, valamint Erd\u00e9lyben egyar\u00e1nt. Az elm\u00falt \u00e9vekben \u00c1kos megfordult a vil\u00e1g sz\u00e1mos pontj\u00e1n magyar n\u00e9pzenei programokkal: 2019-ben New Jersey \u00e1llamban, valamint Cipruson, 2020-ban Florid\u00e1ban adott koncerteket.<\/p>\n\n\n\n<p>Zenei tev\u00e9kenys\u00e9ge mellett \u00c1kos gyakran szervez n\u00e9pzenei t\u00e1borokat, kurzusokat, valamint a 2020-ban elind\u00edtott <strong>SZ\u00c9F Fesztiv\u00e1l<\/strong> f\u0151szervez\u0151je, a SZ\u00c9F Egyes\u00fclet eln\u00f6ke.&nbsp;<\/p>\n<\/div>\n<\/div>\n\n\n\n<hr class=\"wp-block-separator has-text-color has-white-color has-css-opacity has-white-background-color has-background alignwide is-style-wide\"\/>\n<\/div><\/div>\n<\/div><\/div>\n\n\n\n<div class=\"wp-block-cover alignfull is-light has-parallax\" style=\"min-height:900px;aspect-ratio:unset;\"><span aria-hidden=\"true\" class=\"wp-block-cover__background has-background-dim-60 has-background-dim\" style=\"background-color:#cd7f32\"><\/span><div class=\"wp-block-cover__image-background wp-image-6337 has-parallax\" style=\"background-position:50% 50%;background-image:url(http:\/\/gubineczakos.hu\/wp-content\/uploads\/2021\/03\/DSC_0115.jpg)\"><\/div><div class=\"wp-block-cover__inner-container is-layout-flow wp-block-cover-is-layout-flow\">\n<h2 class=\"wp-block-heading alignwide has-text-align-center has-white-color has-text-color\">Referenci\u00e1im<\/h2>\n\n\n\n<div class=\"wp-block-uagb-container uagb-block-37193c58 alignfull uagb-is-root-container\"><div class=\"uagb-container-inner-blocks-wrap\">\n<hr class=\"wp-block-separator has-text-color has-white-color has-css-opacity has-white-background-color has-background alignwide is-style-wide\"\/>\n\n\n\n<div class=\"wp-block-columns alignwide are-vertically-aligned-center is-layout-flex wp-container-core-columns-is-layout-9d6595d7 wp-block-columns-is-layout-flex\">\n<div class=\"wp-block-column is-vertically-aligned-center is-layout-flow wp-block-column-is-layout-flow\" style=\"flex-basis:66.66%\"><div class=\"wp-block-image is-style-default\">\n<figure class=\"aligncenter size-large is-resized\"><img loading=\"lazy\" decoding=\"async\" width=\"819\" height=\"1024\" src=\"http:\/\/gubineczakos.hu\/wp-content\/uploads\/2022\/12\/AF0A57AF-8BC2-48D9-B07D-298A95D49627-819x1024.jpeg\" alt=\"\" class=\"wp-image-7881\" style=\"width:468px;height:584px\" srcset=\"https:\/\/gubineczakos.hu\/wp-content\/uploads\/2022\/12\/AF0A57AF-8BC2-48D9-B07D-298A95D49627-819x1024.jpeg 819w, https:\/\/gubineczakos.hu\/wp-content\/uploads\/2022\/12\/AF0A57AF-8BC2-48D9-B07D-298A95D49627-600x750.jpeg 600w, https:\/\/gubineczakos.hu\/wp-content\/uploads\/2022\/12\/AF0A57AF-8BC2-48D9-B07D-298A95D49627-240x300.jpeg 240w, https:\/\/gubineczakos.hu\/wp-content\/uploads\/2022\/12\/AF0A57AF-8BC2-48D9-B07D-298A95D49627-768x960.jpeg 768w, https:\/\/gubineczakos.hu\/wp-content\/uploads\/2022\/12\/AF0A57AF-8BC2-48D9-B07D-298A95D49627-1229x1536.jpeg 1229w, https:\/\/gubineczakos.hu\/wp-content\/uploads\/2022\/12\/AF0A57AF-8BC2-48D9-B07D-298A95D49627-10x12.jpeg 10w, https:\/\/gubineczakos.hu\/wp-content\/uploads\/2022\/12\/AF0A57AF-8BC2-48D9-B07D-298A95D49627-500x625.jpeg 500w, https:\/\/gubineczakos.hu\/wp-content\/uploads\/2022\/12\/AF0A57AF-8BC2-48D9-B07D-298A95D49627-800x1000.jpeg 800w, https:\/\/gubineczakos.hu\/wp-content\/uploads\/2022\/12\/AF0A57AF-8BC2-48D9-B07D-298A95D49627-1280x1600.jpeg 1280w, https:\/\/gubineczakos.hu\/wp-content\/uploads\/2022\/12\/AF0A57AF-8BC2-48D9-B07D-298A95D49627-1320x1650.jpeg 1320w, https:\/\/gubineczakos.hu\/wp-content\/uploads\/2022\/12\/AF0A57AF-8BC2-48D9-B07D-298A95D49627.jpeg 1440w\" sizes=\"auto, (max-width: 819px) 100vw, 819px\" \/><\/figure>\n<\/div><\/div>\n\n\n\n<div class=\"wp-block-column is-vertically-aligned-center is-layout-flow wp-block-column-is-layout-flow\" style=\"flex-basis:33.33%\">\n<p><mark style=\"background-color:rgba(0, 0, 0, 0)\" class=\"has-inline-color has-white-color\"><strong>Junior Prima d\u00edj<\/strong> (2022)<\/mark><\/p>\n\n\n\n<p><mark style=\"background-color:rgba(0, 0, 0, 0)\" class=\"has-inline-color has-white-color\"><strong>Limitless male voice <\/strong>c. lemez megjelen\u00e9se (2021)<\/mark><\/p>\n\n\n\n<p><mark style=\"background-color:rgba(0, 0, 0, 0)\" class=\"has-inline-color has-white-color\"><strong>Hermann L\u00e1szl\u00f3 Zenem\u0171v\u00e9szeti Szakgimn\u00e1zium \u00e9s AMI<\/strong> tan\u00e1ra (2024-)<\/mark><\/p>\n\n\n\n<p><mark style=\"background-color:rgba(0, 0, 0, 0)\" class=\"has-inline-color has-white-color\">A <strong>SZ\u00c9F Egyes\u00fclet<\/strong> eln\u00f6ke, a <strong>SZ\u00c9F Fesztiv\u00e1l<\/strong> f\u0151szervez\u0151je (2021- )<\/mark><\/p>\n\n\n\n<p><mark style=\"background-color:rgba(0, 0, 0, 0)\" class=\"has-inline-color has-white-color\"><strong>MUS-E Magyarorsz\u00e1g K\u00f6zhaszn\u00fa Egyes\u00fclet <\/strong>m\u0171v\u00e9sze, \u00fcgyvezet\u0151je (2018- )<\/mark><\/p>\n<\/div>\n<\/div>\n\n\n\n<hr class=\"wp-block-separator has-text-color has-white-color has-css-opacity has-white-background-color has-background alignwide is-style-wide\"\/>\n<\/div><\/div>\n<\/div><\/div>\n\n\n\n<div class=\"wp-block-cover alignfull has-parallax\" style=\"min-height:800px;aspect-ratio:unset;\"><span aria-hidden=\"true\" class=\"wp-block-cover__background has-black-background-color has-background-dim-80 has-background-dim\"><\/span><div class=\"wp-block-cover__image-background wp-image-6337 has-parallax\" style=\"background-position:50% 50%;background-image:url(http:\/\/gubineczakos.hu\/wp-content\/uploads\/2021\/03\/DSC_0115.jpg)\"><\/div><div class=\"wp-block-cover__inner-container is-layout-flow wp-block-cover-is-layout-flow\">\n<h2 class=\"wp-block-heading alignwide has-text-align-center\">Tanulm\u00e1nyok<\/h2>\n\n\n\n<div class=\"wp-block-uagb-container uagb-block-03170400 alignfull uagb-is-root-container\"><div class=\"uagb-container-inner-blocks-wrap\">\n<hr class=\"wp-block-separator has-text-color has-white-color has-css-opacity has-white-background-color has-background alignwide is-style-wide\"\/>\n\n\n\n<div class=\"wp-block-columns alignwide are-vertically-aligned-center is-layout-flex wp-container-core-columns-is-layout-9d6595d7 wp-block-columns-is-layout-flex\">\n<div class=\"wp-block-column is-vertically-aligned-center is-layout-flow wp-block-column-is-layout-flow\" style=\"flex-basis:33.33%\">\n<p><mark style=\"background-color:rgba(0, 0, 0, 0)\" class=\"has-inline-color has-white-color\"><strong>P\u00e1l\u00f3czi Horv\u00e1th \u00c1d\u00e1m Zeneiskola, Zalaegerszeg<\/strong><br><\/mark><\/p>\n\n\n\n<p><mark style=\"background-color:rgba(0, 0, 0, 0)\" class=\"has-inline-color has-white-color\"><strong>Sz\u00e9kesfeh\u00e9rv\u00e1ri Hermann L\u00e1szl\u00f3 Zenem\u0171v\u00e9szeti Szakgimn\u00e1zium<\/strong><\/mark><\/p>\n\n\n\n<p><mark style=\"background-color:rgba(0, 0, 0, 0)\" class=\"has-inline-color has-white-color\"><strong>Liszt Ferenc Zenem\u0171v\u00e9szeti Egyetem <\/strong>n\u00e9pi \u00e9nek &#8211; citera-koboz-teker\u0151 &#8211; n\u00e9pzeneelm\u00e9let szak<\/mark><\/p>\n<\/div>\n\n\n\n<div class=\"wp-block-column is-vertically-aligned-center is-layout-flow wp-block-column-is-layout-flow\" style=\"flex-basis:66.66%\"><div class=\"wp-block-image is-style-default\">\n<figure class=\"aligncenter size-large is-resized\"><img loading=\"lazy\" decoding=\"async\" width=\"1024\" height=\"498\" src=\"http:\/\/gubineczakos.hu\/wp-content\/uploads\/2021\/02\/IMG_3831-1024x498.jpg\" alt=\"\" class=\"wp-image-6058\" style=\"width:551px;height:268px\" srcset=\"https:\/\/gubineczakos.hu\/wp-content\/uploads\/2021\/02\/IMG_3831-1024x498.jpg 1024w, https:\/\/gubineczakos.hu\/wp-content\/uploads\/2021\/02\/IMG_3831-scaled-600x292.jpg 600w, https:\/\/gubineczakos.hu\/wp-content\/uploads\/2021\/02\/IMG_3831-300x146.jpg 300w, https:\/\/gubineczakos.hu\/wp-content\/uploads\/2021\/02\/IMG_3831-768x373.jpg 768w, https:\/\/gubineczakos.hu\/wp-content\/uploads\/2021\/02\/IMG_3831-1536x747.jpg 1536w, https:\/\/gubineczakos.hu\/wp-content\/uploads\/2021\/02\/IMG_3831-2048x996.jpg 2048w\" sizes=\"auto, (max-width: 1024px) 100vw, 1024px\" \/><\/figure>\n<\/div><\/div>\n<\/div>\n\n\n\n<hr class=\"wp-block-separator has-text-color has-white-color has-css-opacity has-white-background-color has-background alignwide is-style-wide\"\/>\n<\/div><\/div>\n<\/div><\/div>\n\n\n\n<div class=\"wp-block-cover alignfull has-parallax\" style=\"min-height:900px;aspect-ratio:unset;\"><span aria-hidden=\"true\" class=\"wp-block-cover__background has-black-background-color has-background-dim-80 has-background-dim\"><\/span><div class=\"wp-block-cover__image-background wp-image-6337 has-parallax\" style=\"background-position:50% 50%;background-image:url(http:\/\/gubineczakos.hu\/wp-content\/uploads\/2021\/03\/DSC_0115.jpg)\"><\/div><div class=\"wp-block-cover__inner-container is-layout-flow wp-block-cover-is-layout-flow\">\n<h2 class=\"wp-block-heading alignwide has-text-align-center\">Fontosabb fell\u00e9p\u00e9sek, eredm\u00e9nyek<\/h2>\n\n\n\n<div class=\"wp-block-uagb-container uagb-block-712b77ef alignfull uagb-is-root-container\"><div class=\"uagb-container-inner-blocks-wrap\">\n<hr class=\"wp-block-separator has-text-color has-white-color has-css-opacity has-white-background-color has-background alignwide is-style-wide\"\/>\n\n\n\n<div class=\"wp-block-columns alignwide are-vertically-aligned-center is-layout-flex wp-container-core-columns-is-layout-9d6595d7 wp-block-columns-is-layout-flex\">\n<div class=\"wp-block-column is-vertically-aligned-center is-layout-flow wp-block-column-is-layout-flow\" style=\"flex-basis:50%\">\n<p><mark style=\"background-color:rgba(0, 0, 0, 0)\" class=\"has-inline-color has-white-color\">N\u00e9pzenei koncertek \u00e9s citeraoktat\u00e1s Florid\u00e1ban (USA) (2020)<\/mark><\/p>\n\n\n\n<p><mark style=\"background-color:rgba(0, 0, 0, 0)\" class=\"has-inline-color has-white-color\">Magyarorsz\u00e1g k\u00e9pviselete a \u201eMusical footprints 2019\u201d fesztiv\u00e1lon, Limassolban (Ciprus) (2019)<\/mark><\/p>\n\n\n\n<p><mark style=\"background-color:rgba(0, 0, 0, 0)\" class=\"has-inline-color has-white-color\">Oktat\u00e1s a Kod\u00e1ly-h\u00e9tv\u00e9g\u00e9n, valamint koncertek New Jersey \u00e1llamban \u00e9s New Yorkban (USA) (2019)<\/mark><\/p>\n\n\n\n<p><mark style=\"background-color:rgba(0, 0, 0, 0)\" class=\"has-inline-color has-white-color\">Hajnal Akar Lenni Nemzetk\u00f6zi N\u00e9pdal\u00e9nekl\u00e9si Verseny (2016):<\/mark><br><mark style=\"background-color:rgba(0, 0, 0, 0)\" class=\"has-inline-color has-white-color\"><strong>1. helyez\u00e9s +&nbsp;<\/strong>\u00c9nekesek D\u00edja<\/mark><\/p>\n\n\n\n<p><mark style=\"background-color:rgba(0, 0, 0, 0)\" class=\"has-inline-color has-white-color\">Vass Lajos Nagyd\u00edj (2012, 2016)<\/mark><\/p>\n\n\n\n<p><mark style=\"background-color:rgba(0, 0, 0, 0)\" class=\"has-inline-color has-white-color\">K\u00d3TA Aranyp\u00e1va Nagyd\u00edj (2015)<\/mark><\/p>\n<\/div>\n\n\n\n<div class=\"wp-block-column is-vertically-aligned-center is-layout-flow wp-block-column-is-layout-flow\" style=\"flex-basis:50%\"><div class=\"wp-block-image is-style-default\">\n<figure class=\"aligncenter size-large is-resized\"><img loading=\"lazy\" decoding=\"async\" width=\"681\" height=\"1024\" src=\"http:\/\/gubineczakos.hu\/wp-content\/uploads\/2022\/12\/499033A9-0753-4D73-B617-5F9181328977-681x1024.jpeg\" alt=\"\" class=\"wp-image-7882\" style=\"width:326px;height:490px\" srcset=\"https:\/\/gubineczakos.hu\/wp-content\/uploads\/2022\/12\/499033A9-0753-4D73-B617-5F9181328977-681x1024.jpeg 681w, https:\/\/gubineczakos.hu\/wp-content\/uploads\/2022\/12\/499033A9-0753-4D73-B617-5F9181328977-600x902.jpeg 600w, https:\/\/gubineczakos.hu\/wp-content\/uploads\/2022\/12\/499033A9-0753-4D73-B617-5F9181328977-200x300.jpeg 200w, https:\/\/gubineczakos.hu\/wp-content\/uploads\/2022\/12\/499033A9-0753-4D73-B617-5F9181328977-768x1154.jpeg 768w, https:\/\/gubineczakos.hu\/wp-content\/uploads\/2022\/12\/499033A9-0753-4D73-B617-5F9181328977-1022x1536.jpeg 1022w, https:\/\/gubineczakos.hu\/wp-content\/uploads\/2022\/12\/499033A9-0753-4D73-B617-5F9181328977-1363x2048.jpeg 1363w, https:\/\/gubineczakos.hu\/wp-content\/uploads\/2022\/12\/499033A9-0753-4D73-B617-5F9181328977-8x12.jpeg 8w, https:\/\/gubineczakos.hu\/wp-content\/uploads\/2022\/12\/499033A9-0753-4D73-B617-5F9181328977-500x751.jpeg 500w, https:\/\/gubineczakos.hu\/wp-content\/uploads\/2022\/12\/499033A9-0753-4D73-B617-5F9181328977-800x1202.jpeg 800w, https:\/\/gubineczakos.hu\/wp-content\/uploads\/2022\/12\/499033A9-0753-4D73-B617-5F9181328977-1280x1924.jpeg 1280w, https:\/\/gubineczakos.hu\/wp-content\/uploads\/2022\/12\/499033A9-0753-4D73-B617-5F9181328977-1920x2886.jpeg 1920w, https:\/\/gubineczakos.hu\/wp-content\/uploads\/2022\/12\/499033A9-0753-4D73-B617-5F9181328977-1320x1984.jpeg 1320w, https:\/\/gubineczakos.hu\/wp-content\/uploads\/2022\/12\/499033A9-0753-4D73-B617-5F9181328977-scaled.jpeg 1703w\" sizes=\"auto, (max-width: 681px) 100vw, 681px\" \/><\/figure>\n<\/div><\/div>\n<\/div>\n\n\n\n<hr class=\"wp-block-separator has-text-color has-white-color has-css-opacity has-white-background-color has-background alignwide is-style-wide\"\/>\n<\/div><\/div>\n<\/div><\/div>\n\n\n\n<div class=\"wp-block-cover alignfull is-light has-parallax\" style=\"min-height:900px;aspect-ratio:unset;\"><span aria-hidden=\"true\" class=\"wp-block-cover__background has-background-dim-60 has-background-dim\" style=\"background-color:#cd7f32\"><\/span><div class=\"wp-block-cover__image-background wp-image-6337 has-parallax\" style=\"background-position:50% 50%;background-image:url(http:\/\/gubineczakos.hu\/wp-content\/uploads\/2021\/03\/DSC_0115.jpg)\"><\/div><div class=\"wp-block-cover__inner-container is-layout-flow wp-block-cover-is-layout-flow\">\n<h2 class=\"wp-block-heading alignwide has-text-align-center\">Form\u00e1ci\u00f3k<\/h2>\n\n\n\n<div class=\"wp-block-uagb-container uagb-block-5bbe331f alignfull uagb-is-root-container\"><div class=\"uagb-container-inner-blocks-wrap\">\n<hr class=\"wp-block-separator has-text-color has-white-color has-css-opacity has-white-background-color has-background alignwide is-style-wide\"\/>\n\n\n\n<div class=\"wp-block-columns alignwide is-layout-flex wp-container-core-columns-is-layout-9d6595d7 wp-block-columns-is-layout-flex\">\n<div class=\"wp-block-column is-vertically-aligned-top is-layout-flow wp-block-column-is-layout-flow\"><div class=\"wp-block-image is-style-default\">\n<figure class=\"aligncenter\"><img loading=\"lazy\" decoding=\"async\" width=\"1024\" height=\"688\" src=\"https:\/\/gubineczakos.hu\/wp-content\/uploads\/2021\/02\/635FE72D-6471-4EF8-9FBA-32B5C4EDFC69-e1614454205421.jpeg\" alt=\"\" class=\"wp-image-6054\" srcset=\"https:\/\/gubineczakos.hu\/wp-content\/uploads\/2021\/02\/635FE72D-6471-4EF8-9FBA-32B5C4EDFC69-e1614454205421.jpeg 1024w, https:\/\/gubineczakos.hu\/wp-content\/uploads\/2021\/02\/635FE72D-6471-4EF8-9FBA-32B5C4EDFC69-e1614454205421-600x403.jpeg 600w, https:\/\/gubineczakos.hu\/wp-content\/uploads\/2021\/02\/635FE72D-6471-4EF8-9FBA-32B5C4EDFC69-e1614454205421-300x202.jpeg 300w, https:\/\/gubineczakos.hu\/wp-content\/uploads\/2021\/02\/635FE72D-6471-4EF8-9FBA-32B5C4EDFC69-e1614454205421-768x516.jpeg 768w\" sizes=\"auto, (max-width: 1024px) 100vw, 1024px\" \/><\/figure>\n<\/div>\n\n\n<p class=\"has-text-align-center has-white-color has-text-color\"><strong>Cs\u00e1d\u00e9 zenekar<\/strong><\/p>\n<\/div>\n\n\n\n<div class=\"wp-block-column is-layout-flow wp-block-column-is-layout-flow\"><div class=\"wp-block-image\">\n<figure class=\"aligncenter size-large\"><img loading=\"lazy\" decoding=\"async\" width=\"1024\" height=\"688\" src=\"http:\/\/gubineczakos.hu\/wp-content\/uploads\/2021\/02\/IMG_3447-1024x688.jpg\" alt=\"\" class=\"wp-image-6053\" srcset=\"https:\/\/gubineczakos.hu\/wp-content\/uploads\/2021\/02\/IMG_3447-1024x688.jpg 1024w, https:\/\/gubineczakos.hu\/wp-content\/uploads\/2021\/02\/IMG_3447-scaled-600x403.jpg 600w, https:\/\/gubineczakos.hu\/wp-content\/uploads\/2021\/02\/IMG_3447-300x202.jpg 300w, https:\/\/gubineczakos.hu\/wp-content\/uploads\/2021\/02\/IMG_3447-768x516.jpg 768w, https:\/\/gubineczakos.hu\/wp-content\/uploads\/2021\/02\/IMG_3447-1536x1032.jpg 1536w, https:\/\/gubineczakos.hu\/wp-content\/uploads\/2021\/02\/IMG_3447-2048x1376.jpg 2048w\" sizes=\"auto, (max-width: 1024px) 100vw, 1024px\" \/><\/figure>\n<\/div>\n\n\n<p class=\"has-text-align-center has-white-color has-text-color\"><strong>Zeke Band<\/strong><\/p>\n<\/div>\n<\/div>\n\n\n\n<hr class=\"wp-block-separator has-text-color has-white-color has-css-opacity has-white-background-color has-background alignwide is-style-wide\"\/>\n<\/div><\/div>\n<\/div><\/div>\n\n\n\n<style>\np{\n    padding: 0px 0px 20px 0px;\n}\n.wp-block-cover {\n    margin-bottom: 0;\n}\n<\/style>\n<\/div>","protected":false},"excerpt":{"rendered":"","protected":false},"author":1,"featured_media":6189,"parent":0,"menu_order":0,"comment_status":"closed","ping_status":"closed","template":"","meta":{"inline_featured_image":false,"_uag_custom_page_level_css":"","_uf_show_specific_survey":0,"_uf_disable_surveys":false,"footnotes":""},"class_list":["post-8","page","type-page","status-publish","has-post-thumbnail","hentry"],"uagb_featured_image_src":{"full":["https:\/\/gubineczakos.hu\/wp-content\/uploads\/2021\/02\/Zeke-Banda22.jpg",1733,1733,false],"thumbnail":["https:\/\/gubineczakos.hu\/wp-content\/uploads\/2021\/02\/Zeke-Banda22-150x150.jpg",150,150,true],"medium":["https:\/\/gubineczakos.hu\/wp-content\/uploads\/2021\/02\/Zeke-Banda22-300x300.jpg",300,300,true],"medium_large":["https:\/\/gubineczakos.hu\/wp-content\/uploads\/2021\/02\/Zeke-Banda22-768x768.jpg",768,768,true],"large":["https:\/\/gubineczakos.hu\/wp-content\/uploads\/2021\/02\/Zeke-Banda22-1024x1024.jpg",920,920,true],"1536x1536":["https:\/\/gubineczakos.hu\/wp-content\/uploads\/2021\/02\/Zeke-Banda22-1536x1536.jpg",1536,1536,true],"2048x2048":["https:\/\/gubineczakos.hu\/wp-content\/uploads\/2021\/02\/Zeke-Banda22.jpg",1733,1733,false],"trp-custom-language-flag":["https:\/\/gubineczakos.hu\/wp-content\/uploads\/2021\/02\/Zeke-Banda22.jpg",12,12,false],"ect-jetpack-portfolio-featured":["https:\/\/gubineczakos.hu\/wp-content\/uploads\/2021\/02\/Zeke-Banda22-640x640.jpg",640,640,true],"ect-featured-content":["https:\/\/gubineczakos.hu\/wp-content\/uploads\/2021\/02\/Zeke-Banda22-640x640.jpg",640,640,true],"ect-service":["https:\/\/gubineczakos.hu\/wp-content\/uploads\/2021\/02\/Zeke-Banda22-640x640.jpg",640,640,true],"ultp_layout_landscape_large":["https:\/\/gubineczakos.hu\/wp-content\/uploads\/2021\/02\/Zeke-Banda22.jpg",800,800,false],"ultp_layout_landscape":["https:\/\/gubineczakos.hu\/wp-content\/uploads\/2021\/02\/Zeke-Banda22.jpg",570,570,false],"ultp_layout_portrait":["https:\/\/gubineczakos.hu\/wp-content\/uploads\/2021\/02\/Zeke-Banda22.jpg",600,600,false],"ultp_layout_square":["https:\/\/gubineczakos.hu\/wp-content\/uploads\/2021\/02\/Zeke-Banda22.jpg",600,600,false],"post-thumbnail":["https:\/\/gubineczakos.hu\/wp-content\/uploads\/2021\/02\/Zeke-Banda22-640x640.jpg",640,640,true],"euphony-archive":["https:\/\/gubineczakos.hu\/wp-content\/uploads\/2021\/02\/Zeke-Banda22-920x1733.jpg",920,1733,true],"euphony-archive-landscape":["https:\/\/gubineczakos.hu\/wp-content\/uploads\/2021\/02\/Zeke-Banda22-580x435.jpg",580,435,true],"euphony-archive-portrait":["https:\/\/gubineczakos.hu\/wp-content\/uploads\/2021\/02\/Zeke-Banda22-580x773.jpg",580,773,true],"euphony-slider":["https:\/\/gubineczakos.hu\/wp-content\/uploads\/2021\/02\/Zeke-Banda22-1733x1080.jpg",1733,1080,true],"euphony-testimonial":["https:\/\/gubineczakos.hu\/wp-content\/uploads\/2021\/02\/Zeke-Banda22-720x720.jpg",720,720,true],"euphony-stats":["https:\/\/gubineczakos.hu\/wp-content\/uploads\/2021\/02\/Zeke-Banda22-70x70.jpg",70,70,true],"euphony-team":["https:\/\/gubineczakos.hu\/wp-content\/uploads\/2021\/02\/Zeke-Banda22-640x853.jpg",640,853,true],"euphony-service":["https:\/\/gubineczakos.hu\/wp-content\/uploads\/2021\/02\/Zeke-Banda22-80x80.jpg",80,80,true],"euphony-logo-slider":["https:\/\/gubineczakos.hu\/wp-content\/uploads\/2021\/02\/Zeke-Banda22-175x133.jpg",175,133,true],"bdpp-medium":["https:\/\/gubineczakos.hu\/wp-content\/uploads\/2021\/02\/Zeke-Banda22.jpg",480,480,false],"jetpack-portfolio-admin-thumb":["https:\/\/gubineczakos.hu\/wp-content\/uploads\/2021\/02\/Zeke-Banda22-50x50.jpg",50,50,true],"featured-content-admin-thumb":["https:\/\/gubineczakos.hu\/wp-content\/uploads\/2021\/02\/Zeke-Banda22-50x50.jpg",50,50,true],"service-admin-thumb":["https:\/\/gubineczakos.hu\/wp-content\/uploads\/2021\/02\/Zeke-Banda22-50x50.jpg",50,50,true],"woocommerce_thumbnail":["https:\/\/gubineczakos.hu\/wp-content\/uploads\/2021\/02\/Zeke-Banda22-300x300.jpg",300,300,true],"woocommerce_single":["https:\/\/gubineczakos.hu\/wp-content\/uploads\/2021\/02\/Zeke-Banda22-600x600.jpg",600,600,true],"woocommerce_gallery_thumbnail":["https:\/\/gubineczakos.hu\/wp-content\/uploads\/2021\/02\/Zeke-Banda22-100x100.jpg",100,100,true],"awb_sm":["https:\/\/gubineczakos.hu\/wp-content\/uploads\/2021\/02\/Zeke-Banda22.jpg",500,500,false],"awb_md":["https:\/\/gubineczakos.hu\/wp-content\/uploads\/2021\/02\/Zeke-Banda22.jpg",800,800,false],"awb_lg":["https:\/\/gubineczakos.hu\/wp-content\/uploads\/2021\/02\/Zeke-Banda22.jpg",1280,1280,false],"awb_xl":["https:\/\/gubineczakos.hu\/wp-content\/uploads\/2021\/02\/Zeke-Banda22.jpg",1733,1733,false]},"uagb_author_info":{"display_name":"Gubinecz \u00c1kos","author_link":"https:\/\/gubineczakos.hu\/en\/author\/gubineczakosgmail-com\/"},"uagb_comment_info":0,"uagb_excerpt":null,"jetpack_shortlink":"https:\/\/wp.me\/PcNYq5-8","jetpack-related-posts":[],"jetpack_sharing_enabled":true,"_links":{"self":[{"href":"https:\/\/gubineczakos.hu\/en\/wp-json\/wp\/v2\/pages\/8","targetHints":{"allow":["GET"]}}],"collection":[{"href":"https:\/\/gubineczakos.hu\/en\/wp-json\/wp\/v2\/pages"}],"about":[{"href":"https:\/\/gubineczakos.hu\/en\/wp-json\/wp\/v2\/types\/page"}],"author":[{"embeddable":true,"href":"https:\/\/gubineczakos.hu\/en\/wp-json\/wp\/v2\/users\/1"}],"replies":[{"embeddable":true,"href":"https:\/\/gubineczakos.hu\/en\/wp-json\/wp\/v2\/comments?post=8"}],"version-history":[{"count":13,"href":"https:\/\/gubineczakos.hu\/en\/wp-json\/wp\/v2\/pages\/8\/revisions"}],"predecessor-version":[{"id":8115,"href":"https:\/\/gubineczakos.hu\/en\/wp-json\/wp\/v2\/pages\/8\/revisions\/8115"}],"wp:featuredmedia":[{"embeddable":true,"href":"https:\/\/gubineczakos.hu\/en\/wp-json\/wp\/v2\/media\/6189"}],"wp:attachment":[{"href":"https:\/\/gubineczakos.hu\/en\/wp-json\/wp\/v2\/media?parent=8"}],"curies":[{"name":"wp","href":"https:\/\/api.w.org\/{rel}","templated":true}]}}