{"id":8556,"date":"2025-05-12T20:11:46","date_gmt":"2025-05-12T19:11:46","guid":{"rendered":"https:\/\/gubineczakos.hu\/?page_id=8556"},"modified":"2025-05-13T21:09:16","modified_gmt":"2025-05-13T20:09:16","slug":"press","status":"publish","type":"page","link":"https:\/\/gubineczakos.hu\/en\/press\/","title":{"rendered":"Sajt\u00f3"},"content":{"rendered":"<div id=\"modal-ready\">\n<div class=\"wp-block-uagb-container uagb-block-c82df944 alignfull uagb-is-root-container\"><div class=\"uagb-container-inner-blocks-wrap\">\n<div class=\"wp-block-uagb-advanced-heading uagb-block-bf2644e7\"><h2 class=\"uagb-heading-text\"><strong>M2 Pet\u0151fi TV Esti Korn\u00e9l<\/strong><\/h2><\/div>\n\n\n\n<figure class=\"wp-block-embed is-type-video is-provider-youtube wp-block-embed-youtube wp-embed-aspect-16-9 wp-has-aspect-ratio\"><div class=\"wp-block-embed__wrapper\">\n<iframe loading=\"lazy\" title=\"Gubinecz \u00c1kos Junior Prima d\u00edjas n\u00e9pdal\u00e9nekes | Hat\u00e1rtalan f\u00e9rfi\u00e9nek II.\" width=\"920\" height=\"518\" src=\"https:\/\/www.youtube.com\/embed\/96yT7mpF5II?feature=oembed&#038;enablejsapi=1&#038;origin=https:\/\/gubineczakos.hu\" frameborder=\"0\" allow=\"accelerometer; autoplay; clipboard-write; encrypted-media; gyroscope; picture-in-picture; web-share\" referrerpolicy=\"strict-origin-when-cross-origin\" allowfullscreen><\/iframe>\n<\/div><\/figure>\n\n\n\n<div class=\"wp-block-uagb-advanced-heading uagb-block-8c2e79ab\"><h2 class=\"uagb-heading-text\"><strong><strong>Librett\u00f3<\/strong><\/strong><\/h2><\/div>\n\n\n\n<iframe loading=\"lazy\" class=\"mediaklikk\" src=\"https:\/\/mediaklikk.hu\/video\/libretto-2025-03-25-i-adas\/\" width=\"100%\" height=\"610\" frameborder=\"0\" scrolling=\"no\" allowfullscreen><\/iframe>\n<style>\n@media (max-width: 480px) {\n.mediaklikk { height: 420px; }\n}\n<\/style>\n\n\n\n<div class=\"wp-block-uagb-advanced-heading uagb-block-eef6de65\"><h2 class=\"uagb-heading-text\"><strong><strong><strong>&nbsp;Magyar Katolikus R\u00e1di\u00f3 &#8211; H\u00e1zimuzsika a D\u00e9lib\u00e1b utc\u00e1ban (szerk.: Juh\u00e1sz El\u0151d)<\/strong><\/strong><\/strong><\/h2><\/div>\n\n\n\n<iframe loading=\"lazy\" class=\"katolikusradio\" src=\"https:\/\/www.katolikusradio.hu\/archivum.php?firstaudioid=17&#038;mev=2025&#038;mho=03&#038;mnap=15&#038;mora=17&#038;mperc=04\" width=\"100%\" height=\"130\" frameborder=\"0\" scrolling=\"no\" allowfullscreen><\/iframe>\n<style>\n@media (max-width: 480px) {\n.katolikusradio { zoom: 50%; }\n}\n<\/style>\n\n\n\n<div class=\"wp-block-uagb-advanced-heading uagb-block-a1a2b24d\"><h2 class=\"uagb-heading-text\"><strong><strong><strong>&nbsp;<strong>Pet\u0151fi Kult\u00farfitnesz Szani Rolanddal<\/strong><\/strong><\/strong><\/strong><\/h2><\/div>\n\n\n\n<iframe loading=\"lazy\" width=\"100%\" height=\"300\" scrolling=\"no\" frameborder=\"no\" allow=\"autoplay\" src=\"https:\/\/w.soundcloud.com\/player\/?url=https%3A\/\/api.soundcloud.com\/tracks\/1930207628&#038;color=%23ff5500&#038;auto_play=false&#038;hide_related=false&#038;show_comments=true&#038;show_user=true&#038;show_reposts=false&#038;show_teaser=true&#038;visual=true\"><\/iframe><div style=\"font-size: 10px; color: #cccccc;line-break: anywhere;word-break: normal;overflow: hidden;white-space: nowrap;text-overflow: ellipsis; font-family: Interstate,Lucida Grande,Lucida Sans Unicode,Lucida Sans,Garuda,Verdana,Tahoma,sans-serif;font-weight: 100;\"><a href=\"https:\/\/soundcloud.com\/petofi-radio\" title=\"Pet\u0151fi R\u00e1di\u00f3\" target=\"_blank\" style=\"color: #cccccc; text-decoration: none;\">Pet\u0151fi R\u00e1di\u00f3<\/a> \u00b7 <a href=\"https:\/\/soundcloud.com\/petofi-radio\/kulturfitnesz-gubinecz-akos-citeramuvesz-zenesz-20241006\" title=\"Kult\u00farfitnesz - Gubinecz \u00c1kos \u2022 Citeram\u0171v\u00e9sz, zen\u00e9sz \u2022 2024\/10\/06\" target=\"_blank\" style=\"color: #cccccc; text-decoration: none;\">Kult\u00farfitnesz &#8211; Gubinecz \u00c1kos \u2022 Citeram\u0171v\u00e9sz, zen\u00e9sz \u2022 2024\/10\/06<\/a><\/div>\n\n\n\n<div class=\"wp-block-uagb-advanced-heading uagb-block-cad79e0b\"><h2 class=\"uagb-heading-text\"><strong><strong><strong>&nbsp;<strong><strong>Klasszik R\u00e1di\u00f3, Intermezzo<\/strong><\/strong><\/strong><\/strong><\/strong><\/h2><\/div>\n\n\n\n<iframe style=\"border-radius:12px\" src=\"https:\/\/open.spotify.com\/embed\/episode\/3a5BJmbrRJkmINC4Aay8Su?utm_source=generator&#038;theme=0\" width=\"100%\" height=\"352\" frameborder=\"0\" allowfullscreen=\"\" allow=\"autoplay; clipboard-write; encrypted-media; fullscreen; picture-in-picture\" loading=\"lazy\"><\/iframe>\n<\/div><\/div>\n<\/div>","protected":false},"excerpt":{"rendered":"<p>M2 Pet\u0151fi TV Esti Korn\u00e9l Librett\u00f3 &nbsp;Magyar Katolikus R\u00e1di\u00f3 &#8211; H\u00e1zimuzsika a D\u00e9lib\u00e1b utc\u00e1ban (szerk.: Juh\u00e1sz El\u0151d) &nbsp;Pet\u0151fi Kult\u00farfitnesz Szani Rolanddal Pet\u0151fi R\u00e1di\u00f3 \u00b7 Kult\u00farfitnesz &#8211; Gubinecz \u00c1kos \u2022 Citeram\u0171v\u00e9sz,<\/p>\n<p class=\"more-link\"><a href=\"https:\/\/gubineczakos.hu\/en\/press\/\" class=\"readmore\"><span class=\"screen-reader-text\">Sajt\u00f3<\/span><\/a><\/p>","protected":false},"author":2,"featured_media":0,"parent":0,"menu_order":0,"comment_status":"closed","ping_status":"closed","template":"","meta":{"inline_featured_image":false,"_uag_custom_page_level_css":"","_uf_show_specific_survey":0,"_uf_disable_surveys":false,"footnotes":""},"class_list":["post-8556","page","type-page","status-publish","hentry"],"uagb_featured_image_src":{"full":false,"thumbnail":false,"medium":false,"medium_large":false,"large":false,"1536x1536":false,"2048x2048":false,"trp-custom-language-flag":false,"ect-jetpack-portfolio-featured":false,"ect-featured-content":false,"ect-service":false,"ultp_layout_landscape_large":false,"ultp_layout_landscape":false,"ultp_layout_portrait":false,"ultp_layout_square":false,"post-thumbnail":false,"euphony-archive":false,"euphony-archive-landscape":false,"euphony-archive-portrait":false,"euphony-slider":false,"euphony-testimonial":false,"euphony-stats":false,"euphony-team":false,"euphony-service":false,"euphony-logo-slider":false,"bdpp-medium":false,"jetpack-portfolio-admin-thumb":false,"featured-content-admin-thumb":false,"service-admin-thumb":false,"woocommerce_thumbnail":false,"woocommerce_single":false,"woocommerce_gallery_thumbnail":false,"awb_sm":false,"awb_md":false,"awb_lg":false,"awb_xl":false},"uagb_author_info":{"display_name":"Matis \u00c1d\u00e1m","author_link":"https:\/\/gubineczakos.hu\/en\/author\/adamita\/"},"uagb_comment_info":0,"uagb_excerpt":"M2 Pet\u0151fi TV Esti Korn\u00e9l Librett\u00f3 &nbsp;Magyar Katolikus R\u00e1di\u00f3 &#8211; H\u00e1zimuzsika a D\u00e9lib\u00e1b utc\u00e1ban (szerk.: Juh\u00e1sz El\u0151d) &nbsp;Pet\u0151fi Kult\u00farfitnesz Szani Rolanddal Pet\u0151fi R\u00e1di\u00f3 \u00b7 Kult\u00farfitnesz &#8211; Gubinecz \u00c1kos \u2022 Citeram\u0171v\u00e9sz,Sajt\u00f3","jetpack_shortlink":"https:\/\/wp.me\/PcNYq5-2e0","jetpack-related-posts":[{"id":5584,"url":"https:\/\/gubineczakos.hu\/en\/","url_meta":{"origin":8556,"position":0},"title":"Home","author":"Matis \u00c1d\u00e1m","date":"2018. July 19.","format":false,"excerpt":"","rel":"","context":"Similar post","block_context":{"text":"Similar post","link":""},"img":{"alt_text":"","src":"https:\/\/gubineczakos.hu\/wp-content\/uploads\/2021\/09\/IMG_8722-copy.jpeg","width":350,"height":200,"srcset":"https:\/\/gubineczakos.hu\/wp-content\/uploads\/2021\/09\/IMG_8722-copy.jpeg 1x, https:\/\/gubineczakos.hu\/wp-content\/uploads\/2021\/09\/IMG_8722-copy.jpeg 1.5x, https:\/\/gubineczakos.hu\/wp-content\/uploads\/2021\/09\/IMG_8722-copy.jpeg 2x, https:\/\/gubineczakos.hu\/wp-content\/uploads\/2021\/09\/IMG_8722-copy.jpeg 3x, https:\/\/gubineczakos.hu\/wp-content\/uploads\/2021\/09\/IMG_8722-copy.jpeg 4x"},"classes":[]},{"id":3,"url":"https:\/\/gubineczakos.hu\/en\/adatkezeles\/","url_meta":{"origin":8556,"position":1},"title":"Adatkezel\u00e9si t\u00e1j\u00e9koztat\u00f3","author":"Gubinecz \u00c1kos","date":"2020. December 27.","format":false,"excerpt":"Az adatkezel\u00e9si t\u00e1j\u00e9koztat\u00f3 c\u00e9lja Gubinecz\u00a0\u00c1kos\u00a0egy\u00e9ni v\u00e1llalkoz\u00f3\u00a0\u00a0(c\u00edm, a tov\u00e1bbiakban, szolg\u00e1ltat\u00f3, adatkezel\u0151) mint adatkezel\u0151, mag\u00e1ra n\u00e9zve k\u00f6telez\u0151nek ismeri el jelen jogi k\u00f6zlem\u00e9ny tartalm\u00e1t. K\u00f6telezetts\u00e9get v\u00e1llal arra, hogy tev\u00e9kenys\u00e9g\u00e9vel kapcsolatos minden adatkezel\u00e9s megfelel a jelen szab\u00e1lyzatban \u00e9s a hat\u00e1lyos nemzeti jogszab\u00e1lyokban, valamint az Eur\u00f3pai Uni\u00f3 jogi aktusaiban meghat\u00e1rozott elv\u00e1r\u00e1soknak. Az Adatkezel\u0151 adatkezel\u00e9seivel kapcsolatosan\u2026","rel":"","context":"Similar post","block_context":{"text":"Similar post","link":""},"img":{"alt_text":"","src":"","width":0,"height":0},"classes":[]},{"id":7558,"url":"https:\/\/gubineczakos.hu\/en\/aszf\/","url_meta":{"origin":8556,"position":2},"title":"\u00c1LTAL\u00c1NOS SZERZ\u0150D\u00c9SI FELT\u00c9TELEK (\u00c1SZF)","author":"Matis \u00c1d\u00e1m","date":"2021. September 28.","format":false,"excerpt":"http:\/\/gubineczakos.hu\u00a0hat\u00e1lyos ett\u0151l a napt\u00f3l:\u00a02021. okt\u00f3ber 3.\u00a0 K\u00e9rj\u00fck, hogy megrendel\u00e9se v\u00e9gleges\u00edt\u00e9se el\u0151tt figyelmesen olvassa el a jelen dokumentumot, mert megrendel\u00e9se v\u00e9gleges\u00edt\u00e9s\u00e9vel \u00d6n elfogadja a jelen \u00c1SZF tartalm\u00e1t!\u00a0 Az \u00c1ltal\u00e1nos Szolg\u00e1ltat\u00e1si Felt\u00e9telek (\u201e\u00c1SZF\u201d) tartalmazz\u00e1k\u00a0Gubinecz\u00a0\u00c1kos\u00a0(sz\u00e9khely:\u00a08948 Nova, F\u0151 u. 16.\u00a0ad\u00f3sz\u00e1m: 56497865-1-40),\u00a0mint szolg\u00e1ltat\u00f3 (\u201cSzolg\u00e1ltat\u00f3\u201d) \u00e1ltal \u00fczemeltetett web\u00e1ruh\u00e1z haszn\u00e1lat\u00e1ra vonatkoz\u00f3 \u00e1ltal\u00e1nos szerz\u0151d\u00e9si felt\u00e9teleket. K\u00e9rj\u00fck, hogy csak\u2026","rel":"","context":"Similar post","block_context":{"text":"Similar post","link":""},"img":{"alt_text":"","src":"","width":0,"height":0},"classes":[]}],"jetpack_sharing_enabled":true,"_links":{"self":[{"href":"https:\/\/gubineczakos.hu\/en\/wp-json\/wp\/v2\/pages\/8556","targetHints":{"allow":["GET"]}}],"collection":[{"href":"https:\/\/gubineczakos.hu\/en\/wp-json\/wp\/v2\/pages"}],"about":[{"href":"https:\/\/gubineczakos.hu\/en\/wp-json\/wp\/v2\/types\/page"}],"author":[{"embeddable":true,"href":"https:\/\/gubineczakos.hu\/en\/wp-json\/wp\/v2\/users\/2"}],"replies":[{"embeddable":true,"href":"https:\/\/gubineczakos.hu\/en\/wp-json\/wp\/v2\/comments?post=8556"}],"version-history":[{"count":16,"href":"https:\/\/gubineczakos.hu\/en\/wp-json\/wp\/v2\/pages\/8556\/revisions"}],"predecessor-version":[{"id":8590,"href":"https:\/\/gubineczakos.hu\/en\/wp-json\/wp\/v2\/pages\/8556\/revisions\/8590"}],"wp:attachment":[{"href":"https:\/\/gubineczakos.hu\/en\/wp-json\/wp\/v2\/media?parent=8556"}],"curies":[{"name":"wp","href":"https:\/\/api.w.org\/{rel}","templated":true}]}}