{"id":7331,"date":"2021-09-23T22:48:46","date_gmt":"2021-09-23T21:48:46","guid":{"rendered":"https:\/\/gubineczakos.hu\/termek\/hoodie-with-logo\/"},"modified":"2024-12-14T11:36:11","modified_gmt":"2024-12-14T10:36:11","slug":"hatartalanlemez","status":"publish","type":"product","link":"https:\/\/gubineczakos.hu\/en\/product\/hatartalanlemez\/","title":{"rendered":"Limitless male voice"},"content":{"rendered":"<div id=\"modal-ready\"><p>Lemez<\/p>\n<\/div>","protected":false},"excerpt":{"rendered":"<p><!--more--> &hellip; <a href=\"https:\/\/gubineczakos.hu\/en\/product\/hatartalanlemez\/\" class=\"more-link\"><span class=\"readmore\"><span class=\"screen-reader-text\">Limitless male voice<\/span><\/span><\/a><\/p>","protected":false},"featured_media":7290,"comment_status":"open","ping_status":"closed","template":"","meta":{"inline_featured_image":false,"_uag_custom_page_level_css":"","_uf_show_specific_survey":0,"_uf_disable_surveys":false},"product_brand":[],"product_cat":[134],"product_tag":[135],"class_list":{"0":"post-7331","1":"product","2":"type-product","3":"status-publish","4":"has-post-thumbnail","6":"product_cat-cd","7":"product_tag-hatartalan","9":"first","10":"instock","11":"purchasable","12":"product-type-simple"},"uagb_featured_image_src":{"full":["https:\/\/gubineczakos.hu\/wp-content\/uploads\/2021\/09\/Bizodalom-mp3-image.jpg",817,737,false],"thumbnail":["https:\/\/gubineczakos.hu\/wp-content\/uploads\/2021\/09\/Bizodalom-mp3-image-150x150.jpg",150,150,true],"medium":["https:\/\/gubineczakos.hu\/wp-content\/uploads\/2021\/09\/Bizodalom-mp3-image-300x271.jpg",300,271,true],"medium_large":["https:\/\/gubineczakos.hu\/wp-content\/uploads\/2021\/09\/Bizodalom-mp3-image-768x693.jpg",768,693,true],"large":["https:\/\/gubineczakos.hu\/wp-content\/uploads\/2021\/09\/Bizodalom-mp3-image.jpg",817,737,false],"1536x1536":["https:\/\/gubineczakos.hu\/wp-content\/uploads\/2021\/09\/Bizodalom-mp3-image.jpg",817,737,false],"2048x2048":["https:\/\/gubineczakos.hu\/wp-content\/uploads\/2021\/09\/Bizodalom-mp3-image.jpg",817,737,false],"trp-custom-language-flag":["https:\/\/gubineczakos.hu\/wp-content\/uploads\/2021\/09\/Bizodalom-mp3-image.jpg",13,12,false],"ect-jetpack-portfolio-featured":["https:\/\/gubineczakos.hu\/wp-content\/uploads\/2021\/09\/Bizodalom-mp3-image-640x640.jpg",640,640,true],"ect-featured-content":["https:\/\/gubineczakos.hu\/wp-content\/uploads\/2021\/09\/Bizodalom-mp3-image-640x640.jpg",640,640,true],"ect-service":["https:\/\/gubineczakos.hu\/wp-content\/uploads\/2021\/09\/Bizodalom-mp3-image-640x640.jpg",640,640,true],"ultp_layout_landscape_large":["https:\/\/gubineczakos.hu\/wp-content\/uploads\/2021\/09\/Bizodalom-mp3-image.jpg",817,737,false],"ultp_layout_landscape":["https:\/\/gubineczakos.hu\/wp-content\/uploads\/2021\/09\/Bizodalom-mp3-image-817x570.jpg",817,570,true],"ultp_layout_portrait":["https:\/\/gubineczakos.hu\/wp-content\/uploads\/2021\/09\/Bizodalom-mp3-image-600x737.jpg",600,737,true],"ultp_layout_square":["https:\/\/gubineczakos.hu\/wp-content\/uploads\/2021\/09\/Bizodalom-mp3-image-600x600.jpg",600,600,true],"post-thumbnail":["https:\/\/gubineczakos.hu\/wp-content\/uploads\/2021\/09\/Bizodalom-mp3-image-640x640.jpg",640,640,true],"euphony-archive":["https:\/\/gubineczakos.hu\/wp-content\/uploads\/2021\/09\/Bizodalom-mp3-image.jpg",817,737,false],"euphony-archive-landscape":["https:\/\/gubineczakos.hu\/wp-content\/uploads\/2021\/09\/Bizodalom-mp3-image-580x435.jpg",580,435,true],"euphony-archive-portrait":["https:\/\/gubineczakos.hu\/wp-content\/uploads\/2021\/09\/Bizodalom-mp3-image-580x737.jpg",580,737,true],"euphony-slider":["https:\/\/gubineczakos.hu\/wp-content\/uploads\/2021\/09\/Bizodalom-mp3-image.jpg",817,737,false],"euphony-testimonial":["https:\/\/gubineczakos.hu\/wp-content\/uploads\/2021\/09\/Bizodalom-mp3-image-720x720.jpg",720,720,true],"euphony-stats":["https:\/\/gubineczakos.hu\/wp-content\/uploads\/2021\/09\/Bizodalom-mp3-image-70x70.jpg",70,70,true],"euphony-team":["https:\/\/gubineczakos.hu\/wp-content\/uploads\/2021\/09\/Bizodalom-mp3-image-640x737.jpg",640,737,true],"euphony-service":["https:\/\/gubineczakos.hu\/wp-content\/uploads\/2021\/09\/Bizodalom-mp3-image-80x80.jpg",80,80,true],"euphony-logo-slider":["https:\/\/gubineczakos.hu\/wp-content\/uploads\/2021\/09\/Bizodalom-mp3-image-175x133.jpg",175,133,true],"bdpp-medium":["https:\/\/gubineczakos.hu\/wp-content\/uploads\/2021\/09\/Bizodalom-mp3-image.jpg",532,480,false],"jetpack-portfolio-admin-thumb":["https:\/\/gubineczakos.hu\/wp-content\/uploads\/2021\/09\/Bizodalom-mp3-image-50x50.jpg",50,50,true],"featured-content-admin-thumb":["https:\/\/gubineczakos.hu\/wp-content\/uploads\/2021\/09\/Bizodalom-mp3-image-50x50.jpg",50,50,true],"service-admin-thumb":["https:\/\/gubineczakos.hu\/wp-content\/uploads\/2021\/09\/Bizodalom-mp3-image-50x50.jpg",50,50,true],"woocommerce_thumbnail":["https:\/\/gubineczakos.hu\/wp-content\/uploads\/2021\/09\/Bizodalom-mp3-image-300x300.jpg",300,300,true],"woocommerce_single":["https:\/\/gubineczakos.hu\/wp-content\/uploads\/2021\/09\/Bizodalom-mp3-image-600x541.jpg",600,541,true],"woocommerce_gallery_thumbnail":["https:\/\/gubineczakos.hu\/wp-content\/uploads\/2021\/09\/Bizodalom-mp3-image-100x100.jpg",100,100,true],"awb_sm":["https:\/\/gubineczakos.hu\/wp-content\/uploads\/2021\/09\/Bizodalom-mp3-image-500x451.jpg",500,451,true],"awb_md":["https:\/\/gubineczakos.hu\/wp-content\/uploads\/2021\/09\/Bizodalom-mp3-image-800x722.jpg",800,722,true],"awb_lg":["https:\/\/gubineczakos.hu\/wp-content\/uploads\/2021\/09\/Bizodalom-mp3-image.jpg",817,737,false],"awb_xl":["https:\/\/gubineczakos.hu\/wp-content\/uploads\/2021\/09\/Bizodalom-mp3-image.jpg",817,737,false]},"uagb_author_info":{"display_name":"Matis \u00c1d\u00e1m","author_link":"https:\/\/gubineczakos.hu\/en\/author\/"},"uagb_comment_info":0,"uagb_excerpt":"&hellip; Hat\u00e1rtalan f\u00e9rfi\u00e9nek","jetpack-related-posts":[{"id":8170,"url":"https:\/\/gubineczakos.hu\/en\/product\/hatartalan-ferfienek-ii\/","url_meta":{"origin":7331,"position":0},"title":"Hat\u00e1rtalan f\u00e9rfi\u00e9nek II.","author":"Gubinecz \u00c1kos","date":"2024. December 14.","format":false,"excerpt":"","rel":"","context":"Similar post","block_context":{"text":"Similar post","link":""},"img":{"alt_text":"","src":"https:\/\/gubineczakos.hu\/wp-content\/uploads\/2024\/12\/IMG_3067.jpeg","width":350,"height":200,"srcset":"https:\/\/gubineczakos.hu\/wp-content\/uploads\/2024\/12\/IMG_3067.jpeg 1x, https:\/\/gubineczakos.hu\/wp-content\/uploads\/2024\/12\/IMG_3067.jpeg 1.5x, https:\/\/gubineczakos.hu\/wp-content\/uploads\/2024\/12\/IMG_3067.jpeg 2x, https:\/\/gubineczakos.hu\/wp-content\/uploads\/2024\/12\/IMG_3067.jpeg 3x"},"classes":[]},{"id":8172,"url":"https:\/\/gubineczakos.hu\/en\/product\/hatartalan-ferfienek-i-ii-szett\/","url_meta":{"origin":7331,"position":1},"title":"Hat\u00e1rtalan f\u00e9rfi\u00e9nek I-II. szett","author":"Gubinecz \u00c1kos","date":"2024. December 14.","format":false,"excerpt":"","rel":"","context":"Similar post","block_context":{"text":"Similar post","link":""},"img":{"alt_text":"","src":"https:\/\/gubineczakos.hu\/wp-content\/uploads\/2024\/12\/F55FD214-0E96-44AD-8DF1-62301C8A8F06.jpeg","width":350,"height":200,"srcset":"https:\/\/gubineczakos.hu\/wp-content\/uploads\/2024\/12\/F55FD214-0E96-44AD-8DF1-62301C8A8F06.jpeg 1x, https:\/\/gubineczakos.hu\/wp-content\/uploads\/2024\/12\/F55FD214-0E96-44AD-8DF1-62301C8A8F06.jpeg 1.5x, https:\/\/gubineczakos.hu\/wp-content\/uploads\/2024\/12\/F55FD214-0E96-44AD-8DF1-62301C8A8F06.jpeg 2x, https:\/\/gubineczakos.hu\/wp-content\/uploads\/2024\/12\/F55FD214-0E96-44AD-8DF1-62301C8A8F06.jpeg 3x, https:\/\/gubineczakos.hu\/wp-content\/uploads\/2024\/12\/F55FD214-0E96-44AD-8DF1-62301C8A8F06.jpeg 4x"},"classes":[]}],"jetpack_sharing_enabled":true,"_links":{"self":[{"href":"https:\/\/gubineczakos.hu\/en\/wp-json\/wp\/v2\/product\/7331","targetHints":{"allow":["GET"]}}],"collection":[{"href":"https:\/\/gubineczakos.hu\/en\/wp-json\/wp\/v2\/product"}],"about":[{"href":"https:\/\/gubineczakos.hu\/en\/wp-json\/wp\/v2\/types\/product"}],"replies":[{"embeddable":true,"href":"https:\/\/gubineczakos.hu\/en\/wp-json\/wp\/v2\/comments?post=7331"}],"wp:featuredmedia":[{"embeddable":true,"href":"https:\/\/gubineczakos.hu\/en\/wp-json\/wp\/v2\/media\/7290"}],"wp:attachment":[{"href":"https:\/\/gubineczakos.hu\/en\/wp-json\/wp\/v2\/media?parent=7331"}],"wp:term":[{"taxonomy":"product_brand","embeddable":true,"href":"https:\/\/gubineczakos.hu\/en\/wp-json\/wp\/v2\/product_brand?post=7331"},{"taxonomy":"product_cat","embeddable":true,"href":"https:\/\/gubineczakos.hu\/en\/wp-json\/wp\/v2\/product_cat?post=7331"},{"taxonomy":"product_tag","embeddable":true,"href":"https:\/\/gubineczakos.hu\/en\/wp-json\/wp\/v2\/product_tag?post=7331"}],"curies":[{"name":"wp","href":"https:\/\/api.w.org\/{rel}","templated":true}]}}