{"id":8170,"date":"2024-12-14T11:37:20","date_gmt":"2024-12-14T10:37:20","guid":{"rendered":"https:\/\/gubineczakos.hu\/?post_type=product&#038;p=8170"},"modified":"2024-12-16T16:00:11","modified_gmt":"2024-12-16T15:00:11","slug":"hatartalan-ferfienek-ii","status":"publish","type":"product","link":"https:\/\/gubineczakos.hu\/en\/product\/hatartalan-ferfienek-ii\/","title":{"rendered":"Hat\u00e1rtalan f\u00e9rfi\u00e9nek II."},"content":{"rendered":"","protected":false},"excerpt":{"rendered":"","protected":false},"featured_media":8171,"comment_status":"open","ping_status":"closed","template":"","meta":{"inline_featured_image":false,"_uag_custom_page_level_css":"","_uf_show_specific_survey":0,"_uf_disable_surveys":false},"product_brand":[],"product_cat":[130],"product_tag":[],"class_list":{"0":"post-8170","1":"product","2":"type-product","3":"status-publish","4":"has-post-thumbnail","6":"product_cat-egyeb","8":"first","9":"instock","10":"purchasable","11":"product-type-simple"},"uagb_featured_image_src":{"full":["https:\/\/gubineczakos.hu\/wp-content\/uploads\/2024\/12\/IMG_3067.jpeg",1087,956,false],"thumbnail":["https:\/\/gubineczakos.hu\/wp-content\/uploads\/2024\/12\/IMG_3067-150x150.jpeg",150,150,true],"medium":["https:\/\/gubineczakos.hu\/wp-content\/uploads\/2024\/12\/IMG_3067-300x264.jpeg",300,264,true],"medium_large":["https:\/\/gubineczakos.hu\/wp-content\/uploads\/2024\/12\/IMG_3067-768x675.jpeg",768,675,true],"large":["https:\/\/gubineczakos.hu\/wp-content\/uploads\/2024\/12\/IMG_3067-1024x901.jpeg",920,809,true],"1536x1536":["https:\/\/gubineczakos.hu\/wp-content\/uploads\/2024\/12\/IMG_3067.jpeg",1087,956,false],"2048x2048":["https:\/\/gubineczakos.hu\/wp-content\/uploads\/2024\/12\/IMG_3067.jpeg",1087,956,false],"trp-custom-language-flag":["https:\/\/gubineczakos.hu\/wp-content\/uploads\/2024\/12\/IMG_3067-14x12.jpeg",14,12,true],"ect-jetpack-portfolio-featured":["https:\/\/gubineczakos.hu\/wp-content\/uploads\/2024\/12\/IMG_3067-640x640.jpeg",640,640,true],"ect-featured-content":["https:\/\/gubineczakos.hu\/wp-content\/uploads\/2024\/12\/IMG_3067-640x640.jpeg",640,640,true],"ect-service":["https:\/\/gubineczakos.hu\/wp-content\/uploads\/2024\/12\/IMG_3067-640x640.jpeg",640,640,true],"ultp_layout_landscape_large":["https:\/\/gubineczakos.hu\/wp-content\/uploads\/2024\/12\/IMG_3067-1087x800.jpeg",1087,800,true],"ultp_layout_landscape":["https:\/\/gubineczakos.hu\/wp-content\/uploads\/2024\/12\/IMG_3067-870x570.jpeg",870,570,true],"ultp_layout_portrait":["https:\/\/gubineczakos.hu\/wp-content\/uploads\/2024\/12\/IMG_3067-600x900.jpeg",600,900,true],"ultp_layout_square":["https:\/\/gubineczakos.hu\/wp-content\/uploads\/2024\/12\/IMG_3067-600x600.jpeg",600,600,true],"post-thumbnail":["https:\/\/gubineczakos.hu\/wp-content\/uploads\/2024\/12\/IMG_3067-640x640.jpeg",640,640,true],"euphony-archive":["https:\/\/gubineczakos.hu\/wp-content\/uploads\/2024\/12\/IMG_3067-920x956.jpeg",920,956,true],"euphony-archive-landscape":["https:\/\/gubineczakos.hu\/wp-content\/uploads\/2024\/12\/IMG_3067-580x435.jpeg",580,435,true],"euphony-archive-portrait":["https:\/\/gubineczakos.hu\/wp-content\/uploads\/2024\/12\/IMG_3067-580x773.jpeg",580,773,true],"euphony-slider":["https:\/\/gubineczakos.hu\/wp-content\/uploads\/2024\/12\/IMG_3067.jpeg",1087,956,false],"euphony-testimonial":["https:\/\/gubineczakos.hu\/wp-content\/uploads\/2024\/12\/IMG_3067-720x720.jpeg",720,720,true],"euphony-stats":["https:\/\/gubineczakos.hu\/wp-content\/uploads\/2024\/12\/IMG_3067-70x70.jpeg",70,70,true],"euphony-team":["https:\/\/gubineczakos.hu\/wp-content\/uploads\/2024\/12\/IMG_3067-640x853.jpeg",640,853,true],"euphony-service":["https:\/\/gubineczakos.hu\/wp-content\/uploads\/2024\/12\/IMG_3067-80x80.jpeg",80,80,true],"euphony-logo-slider":["https:\/\/gubineczakos.hu\/wp-content\/uploads\/2024\/12\/IMG_3067-175x133.jpeg",175,133,true],"bdpp-medium":["https:\/\/gubineczakos.hu\/wp-content\/uploads\/2024\/12\/IMG_3067.jpeg",546,480,false],"jetpack-portfolio-admin-thumb":["https:\/\/gubineczakos.hu\/wp-content\/uploads\/2024\/12\/IMG_3067-50x50.jpeg",50,50,true],"featured-content-admin-thumb":["https:\/\/gubineczakos.hu\/wp-content\/uploads\/2024\/12\/IMG_3067-50x50.jpeg",50,50,true],"service-admin-thumb":["https:\/\/gubineczakos.hu\/wp-content\/uploads\/2024\/12\/IMG_3067-50x50.jpeg",50,50,true],"woocommerce_thumbnail":["https:\/\/gubineczakos.hu\/wp-content\/uploads\/2024\/12\/IMG_3067-300x300.jpeg",300,300,true],"woocommerce_single":["https:\/\/gubineczakos.hu\/wp-content\/uploads\/2024\/12\/IMG_3067-600x528.jpeg",600,528,true],"woocommerce_gallery_thumbnail":["https:\/\/gubineczakos.hu\/wp-content\/uploads\/2024\/12\/IMG_3067-100x100.jpeg",100,100,true],"awb_sm":["https:\/\/gubineczakos.hu\/wp-content\/uploads\/2024\/12\/IMG_3067-500x440.jpeg",500,440,true],"awb_md":["https:\/\/gubineczakos.hu\/wp-content\/uploads\/2024\/12\/IMG_3067-800x704.jpeg",800,704,true],"awb_lg":["https:\/\/gubineczakos.hu\/wp-content\/uploads\/2024\/12\/IMG_3067.jpeg",1087,956,false],"awb_xl":["https:\/\/gubineczakos.hu\/wp-content\/uploads\/2024\/12\/IMG_3067.jpeg",1087,956,false]},"uagb_author_info":{"display_name":"Gubinecz \u00c1kos","author_link":"https:\/\/gubineczakos.hu\/en\/author\/"},"uagb_comment_info":0,"uagb_excerpt":null,"jetpack-related-posts":[{"id":8172,"url":"https:\/\/gubineczakos.hu\/en\/product\/hatartalan-ferfienek-i-ii-szett\/","url_meta":{"origin":8170,"position":0},"title":"Hat\u00e1rtalan f\u00e9rfi\u00e9nek I-II. szett","author":"Gubinecz \u00c1kos","date":"2024. December 14.","format":false,"excerpt":"","rel":"","context":"Similar post","block_context":{"text":"Similar post","link":""},"img":{"alt_text":"","src":"https:\/\/gubineczakos.hu\/wp-content\/uploads\/2024\/12\/F55FD214-0E96-44AD-8DF1-62301C8A8F06.jpeg","width":350,"height":200,"srcset":"https:\/\/gubineczakos.hu\/wp-content\/uploads\/2024\/12\/F55FD214-0E96-44AD-8DF1-62301C8A8F06.jpeg 1x, https:\/\/gubineczakos.hu\/wp-content\/uploads\/2024\/12\/F55FD214-0E96-44AD-8DF1-62301C8A8F06.jpeg 1.5x, https:\/\/gubineczakos.hu\/wp-content\/uploads\/2024\/12\/F55FD214-0E96-44AD-8DF1-62301C8A8F06.jpeg 2x, https:\/\/gubineczakos.hu\/wp-content\/uploads\/2024\/12\/F55FD214-0E96-44AD-8DF1-62301C8A8F06.jpeg 3x, https:\/\/gubineczakos.hu\/wp-content\/uploads\/2024\/12\/F55FD214-0E96-44AD-8DF1-62301C8A8F06.jpeg 4x"},"classes":[]},{"id":7331,"url":"https:\/\/gubineczakos.hu\/en\/product\/hatartalanlemez\/","url_meta":{"origin":8170,"position":1},"title":"Limitless male voice","author":"Matis \u00c1d\u00e1m","date":"2021. September 23.","format":false,"excerpt":"","rel":"","context":"Similar post","block_context":{"text":"Similar post","link":""},"img":{"alt_text":"","src":"https:\/\/gubineczakos.hu\/wp-content\/uploads\/2021\/09\/Bizodalom-mp3-image.jpg","width":350,"height":200,"srcset":"https:\/\/gubineczakos.hu\/wp-content\/uploads\/2021\/09\/Bizodalom-mp3-image.jpg 1x, https:\/\/gubineczakos.hu\/wp-content\/uploads\/2021\/09\/Bizodalom-mp3-image.jpg 1.5x, https:\/\/gubineczakos.hu\/wp-content\/uploads\/2021\/09\/Bizodalom-mp3-image.jpg 2x"},"classes":[]}],"jetpack_sharing_enabled":true,"_links":{"self":[{"href":"https:\/\/gubineczakos.hu\/en\/wp-json\/wp\/v2\/product\/8170","targetHints":{"allow":["GET"]}}],"collection":[{"href":"https:\/\/gubineczakos.hu\/en\/wp-json\/wp\/v2\/product"}],"about":[{"href":"https:\/\/gubineczakos.hu\/en\/wp-json\/wp\/v2\/types\/product"}],"replies":[{"embeddable":true,"href":"https:\/\/gubineczakos.hu\/en\/wp-json\/wp\/v2\/comments?post=8170"}],"wp:featuredmedia":[{"embeddable":true,"href":"https:\/\/gubineczakos.hu\/en\/wp-json\/wp\/v2\/media\/8171"}],"wp:attachment":[{"href":"https:\/\/gubineczakos.hu\/en\/wp-json\/wp\/v2\/media?parent=8170"}],"wp:term":[{"taxonomy":"product_brand","embeddable":true,"href":"https:\/\/gubineczakos.hu\/en\/wp-json\/wp\/v2\/product_brand?post=8170"},{"taxonomy":"product_cat","embeddable":true,"href":"https:\/\/gubineczakos.hu\/en\/wp-json\/wp\/v2\/product_cat?post=8170"},{"taxonomy":"product_tag","embeddable":true,"href":"https:\/\/gubineczakos.hu\/en\/wp-json\/wp\/v2\/product_tag?post=8170"}],"curies":[{"name":"wp","href":"https:\/\/api.w.org\/{rel}","templated":true}]}}