{"id":8172,"date":"2024-12-14T11:44:36","date_gmt":"2024-12-14T10:44:36","guid":{"rendered":"https:\/\/gubineczakos.hu\/?post_type=product&#038;p=8172"},"modified":"2025-01-05T18:01:42","modified_gmt":"2025-01-05T17:01:42","slug":"hatartalan-ferfienek-i-ii-szett","status":"publish","type":"product","link":"https:\/\/gubineczakos.hu\/en\/product\/hatartalan-ferfienek-i-ii-szett\/","title":{"rendered":"Hat\u00e1rtalan f\u00e9rfi\u00e9nek I-II. szett"},"content":{"rendered":"","protected":false},"excerpt":{"rendered":"","protected":false},"featured_media":8174,"comment_status":"open","ping_status":"closed","template":"","meta":{"inline_featured_image":false,"_uag_custom_page_level_css":"","_uf_show_specific_survey":0,"_uf_disable_surveys":false},"product_brand":[],"product_cat":[130],"product_tag":[],"class_list":{"0":"post-8172","1":"product","2":"type-product","3":"status-publish","4":"has-post-thumbnail","6":"product_cat-egyeb","8":"first","9":"instock","10":"purchasable","11":"product-type-simple"},"uagb_featured_image_src":{"full":["https:\/\/gubineczakos.hu\/wp-content\/uploads\/2024\/12\/F55FD214-0E96-44AD-8DF1-62301C8A8F06.jpeg",1920,1748,false],"thumbnail":["https:\/\/gubineczakos.hu\/wp-content\/uploads\/2024\/12\/F55FD214-0E96-44AD-8DF1-62301C8A8F06-150x150.jpeg",150,150,true],"medium":["https:\/\/gubineczakos.hu\/wp-content\/uploads\/2024\/12\/F55FD214-0E96-44AD-8DF1-62301C8A8F06-300x273.jpeg",300,273,true],"medium_large":["https:\/\/gubineczakos.hu\/wp-content\/uploads\/2024\/12\/F55FD214-0E96-44AD-8DF1-62301C8A8F06-768x699.jpeg",768,699,true],"large":["https:\/\/gubineczakos.hu\/wp-content\/uploads\/2024\/12\/F55FD214-0E96-44AD-8DF1-62301C8A8F06-1024x932.jpeg",920,837,true],"1536x1536":["https:\/\/gubineczakos.hu\/wp-content\/uploads\/2024\/12\/F55FD214-0E96-44AD-8DF1-62301C8A8F06-1536x1398.jpeg",1536,1398,true],"2048x2048":["https:\/\/gubineczakos.hu\/wp-content\/uploads\/2024\/12\/F55FD214-0E96-44AD-8DF1-62301C8A8F06.jpeg",1920,1748,false],"trp-custom-language-flag":["https:\/\/gubineczakos.hu\/wp-content\/uploads\/2024\/12\/F55FD214-0E96-44AD-8DF1-62301C8A8F06-13x12.jpeg",13,12,true],"ect-jetpack-portfolio-featured":["https:\/\/gubineczakos.hu\/wp-content\/uploads\/2024\/12\/F55FD214-0E96-44AD-8DF1-62301C8A8F06-640x640.jpeg",640,640,true],"ect-featured-content":["https:\/\/gubineczakos.hu\/wp-content\/uploads\/2024\/12\/F55FD214-0E96-44AD-8DF1-62301C8A8F06-640x640.jpeg",640,640,true],"ect-service":["https:\/\/gubineczakos.hu\/wp-content\/uploads\/2024\/12\/F55FD214-0E96-44AD-8DF1-62301C8A8F06-640x640.jpeg",640,640,true],"ultp_layout_landscape_large":["https:\/\/gubineczakos.hu\/wp-content\/uploads\/2024\/12\/F55FD214-0E96-44AD-8DF1-62301C8A8F06-1200x800.jpeg",1200,800,true],"ultp_layout_landscape":["https:\/\/gubineczakos.hu\/wp-content\/uploads\/2024\/12\/F55FD214-0E96-44AD-8DF1-62301C8A8F06-870x570.jpeg",870,570,true],"ultp_layout_portrait":["https:\/\/gubineczakos.hu\/wp-content\/uploads\/2024\/12\/F55FD214-0E96-44AD-8DF1-62301C8A8F06-600x900.jpeg",600,900,true],"ultp_layout_square":["https:\/\/gubineczakos.hu\/wp-content\/uploads\/2024\/12\/F55FD214-0E96-44AD-8DF1-62301C8A8F06-600x600.jpeg",600,600,true],"post-thumbnail":["https:\/\/gubineczakos.hu\/wp-content\/uploads\/2024\/12\/F55FD214-0E96-44AD-8DF1-62301C8A8F06-640x640.jpeg",640,640,true],"euphony-archive":["https:\/\/gubineczakos.hu\/wp-content\/uploads\/2024\/12\/F55FD214-0E96-44AD-8DF1-62301C8A8F06-920x1748.jpeg",920,1748,true],"euphony-archive-landscape":["https:\/\/gubineczakos.hu\/wp-content\/uploads\/2024\/12\/F55FD214-0E96-44AD-8DF1-62301C8A8F06-580x435.jpeg",580,435,true],"euphony-archive-portrait":["https:\/\/gubineczakos.hu\/wp-content\/uploads\/2024\/12\/F55FD214-0E96-44AD-8DF1-62301C8A8F06-580x773.jpeg",580,773,true],"euphony-slider":["https:\/\/gubineczakos.hu\/wp-content\/uploads\/2024\/12\/F55FD214-0E96-44AD-8DF1-62301C8A8F06-1920x1080.jpeg",1920,1080,true],"euphony-testimonial":["https:\/\/gubineczakos.hu\/wp-content\/uploads\/2024\/12\/F55FD214-0E96-44AD-8DF1-62301C8A8F06-720x720.jpeg",720,720,true],"euphony-stats":["https:\/\/gubineczakos.hu\/wp-content\/uploads\/2024\/12\/F55FD214-0E96-44AD-8DF1-62301C8A8F06-70x70.jpeg",70,70,true],"euphony-team":["https:\/\/gubineczakos.hu\/wp-content\/uploads\/2024\/12\/F55FD214-0E96-44AD-8DF1-62301C8A8F06-640x853.jpeg",640,853,true],"euphony-service":["https:\/\/gubineczakos.hu\/wp-content\/uploads\/2024\/12\/F55FD214-0E96-44AD-8DF1-62301C8A8F06-80x80.jpeg",80,80,true],"euphony-logo-slider":["https:\/\/gubineczakos.hu\/wp-content\/uploads\/2024\/12\/F55FD214-0E96-44AD-8DF1-62301C8A8F06-175x133.jpeg",175,133,true],"bdpp-medium":["https:\/\/gubineczakos.hu\/wp-content\/uploads\/2024\/12\/F55FD214-0E96-44AD-8DF1-62301C8A8F06.jpeg",527,480,false],"jetpack-portfolio-admin-thumb":["https:\/\/gubineczakos.hu\/wp-content\/uploads\/2024\/12\/F55FD214-0E96-44AD-8DF1-62301C8A8F06-50x50.jpeg",50,50,true],"featured-content-admin-thumb":["https:\/\/gubineczakos.hu\/wp-content\/uploads\/2024\/12\/F55FD214-0E96-44AD-8DF1-62301C8A8F06-50x50.jpeg",50,50,true],"service-admin-thumb":["https:\/\/gubineczakos.hu\/wp-content\/uploads\/2024\/12\/F55FD214-0E96-44AD-8DF1-62301C8A8F06-50x50.jpeg",50,50,true],"woocommerce_thumbnail":["https:\/\/gubineczakos.hu\/wp-content\/uploads\/2024\/12\/F55FD214-0E96-44AD-8DF1-62301C8A8F06-300x300.jpeg",300,300,true],"woocommerce_single":["https:\/\/gubineczakos.hu\/wp-content\/uploads\/2024\/12\/F55FD214-0E96-44AD-8DF1-62301C8A8F06-600x546.jpeg",600,546,true],"woocommerce_gallery_thumbnail":["https:\/\/gubineczakos.hu\/wp-content\/uploads\/2024\/12\/F55FD214-0E96-44AD-8DF1-62301C8A8F06-100x100.jpeg",100,100,true],"awb_sm":["https:\/\/gubineczakos.hu\/wp-content\/uploads\/2024\/12\/F55FD214-0E96-44AD-8DF1-62301C8A8F06-500x455.jpeg",500,455,true],"awb_md":["https:\/\/gubineczakos.hu\/wp-content\/uploads\/2024\/12\/F55FD214-0E96-44AD-8DF1-62301C8A8F06-800x728.jpeg",800,728,true],"awb_lg":["https:\/\/gubineczakos.hu\/wp-content\/uploads\/2024\/12\/F55FD214-0E96-44AD-8DF1-62301C8A8F06-1280x1165.jpeg",1280,1165,true],"awb_xl":["https:\/\/gubineczakos.hu\/wp-content\/uploads\/2024\/12\/F55FD214-0E96-44AD-8DF1-62301C8A8F06.jpeg",1920,1748,false]},"uagb_author_info":{"display_name":"Gubinecz \u00c1kos","author_link":"https:\/\/gubineczakos.hu\/en\/author\/"},"uagb_comment_info":0,"uagb_excerpt":null,"jetpack-related-posts":[{"id":8170,"url":"https:\/\/gubineczakos.hu\/en\/product\/hatartalan-ferfienek-ii\/","url_meta":{"origin":8172,"position":0},"title":"Hat\u00e1rtalan f\u00e9rfi\u00e9nek II.","author":"Gubinecz \u00c1kos","date":"2024. December 14.","format":false,"excerpt":"","rel":"","context":"Similar post","block_context":{"text":"Similar post","link":""},"img":{"alt_text":"","src":"https:\/\/gubineczakos.hu\/wp-content\/uploads\/2024\/12\/IMG_3067.jpeg","width":350,"height":200,"srcset":"https:\/\/gubineczakos.hu\/wp-content\/uploads\/2024\/12\/IMG_3067.jpeg 1x, https:\/\/gubineczakos.hu\/wp-content\/uploads\/2024\/12\/IMG_3067.jpeg 1.5x, https:\/\/gubineczakos.hu\/wp-content\/uploads\/2024\/12\/IMG_3067.jpeg 2x, https:\/\/gubineczakos.hu\/wp-content\/uploads\/2024\/12\/IMG_3067.jpeg 3x"},"classes":[]},{"id":7331,"url":"https:\/\/gubineczakos.hu\/en\/product\/hatartalanlemez\/","url_meta":{"origin":8172,"position":1},"title":"Limitless male voice","author":"Matis \u00c1d\u00e1m","date":"2021. September 23.","format":false,"excerpt":"","rel":"","context":"Similar post","block_context":{"text":"Similar post","link":""},"img":{"alt_text":"","src":"https:\/\/gubineczakos.hu\/wp-content\/uploads\/2021\/09\/Bizodalom-mp3-image.jpg","width":350,"height":200,"srcset":"https:\/\/gubineczakos.hu\/wp-content\/uploads\/2021\/09\/Bizodalom-mp3-image.jpg 1x, https:\/\/gubineczakos.hu\/wp-content\/uploads\/2021\/09\/Bizodalom-mp3-image.jpg 1.5x, https:\/\/gubineczakos.hu\/wp-content\/uploads\/2021\/09\/Bizodalom-mp3-image.jpg 2x"},"classes":[]}],"jetpack_sharing_enabled":true,"_links":{"self":[{"href":"https:\/\/gubineczakos.hu\/en\/wp-json\/wp\/v2\/product\/8172","targetHints":{"allow":["GET"]}}],"collection":[{"href":"https:\/\/gubineczakos.hu\/en\/wp-json\/wp\/v2\/product"}],"about":[{"href":"https:\/\/gubineczakos.hu\/en\/wp-json\/wp\/v2\/types\/product"}],"replies":[{"embeddable":true,"href":"https:\/\/gubineczakos.hu\/en\/wp-json\/wp\/v2\/comments?post=8172"}],"wp:featuredmedia":[{"embeddable":true,"href":"https:\/\/gubineczakos.hu\/en\/wp-json\/wp\/v2\/media\/8174"}],"wp:attachment":[{"href":"https:\/\/gubineczakos.hu\/en\/wp-json\/wp\/v2\/media?parent=8172"}],"wp:term":[{"taxonomy":"product_brand","embeddable":true,"href":"https:\/\/gubineczakos.hu\/en\/wp-json\/wp\/v2\/product_brand?post=8172"},{"taxonomy":"product_cat","embeddable":true,"href":"https:\/\/gubineczakos.hu\/en\/wp-json\/wp\/v2\/product_cat?post=8172"},{"taxonomy":"product_tag","embeddable":true,"href":"https:\/\/gubineczakos.hu\/en\/wp-json\/wp\/v2\/product_tag?post=8172"}],"curies":[{"name":"wp","href":"https:\/\/api.w.org\/{rel}","templated":true}]}}